{"id":360,"date":"2021-12-06T19:12:33","date_gmt":"2021-12-06T19:12:33","guid":{"rendered":"https:\/\/synod.ie\/faoi\/"},"modified":"2022-03-09T09:29:36","modified_gmt":"2022-03-09T09:29:36","slug":"faoi","status":"publish","type":"page","link":"https:\/\/synod.ie\/ga\/faoi\/","title":{"rendered":"Faoi"},"content":{"rendered":"<p>[et_pb_section fb_built=&#8221;1&#8243; _builder_version=&#8221;4.14.2&#8243; _module_preset=&#8221;default&#8221; custom_padding=&#8221;30px||36px|||&#8221; global_module=&#8221;62&#8243; saved_tabs=&#8221;all&#8221; global_colors_info=&#8221;{}&#8221;][et_pb_row _builder_version=&#8221;4.14.2&#8243; _module_preset=&#8221;default&#8221; custom_padding=&#8221;||12px|||&#8221; collapsed=&#8221;off&#8221; global_colors_info=&#8221;{}&#8221;][et_pb_column type=&#8221;4_4&#8243; _builder_version=&#8221;4.14.2&#8243; _module_preset=&#8221;default&#8221; global_colors_info=&#8221;{}&#8221;][et_pb_post_title meta=&#8221;off&#8221; featured_image=&#8221;off&#8221; _builder_version=&#8221;4.14.4&#8243; _module_preset=&#8221;default&#8221; title_font_size=&#8221;35px&#8221; global_colors_info=&#8221;{}&#8221;][\/et_pb_post_title][\/et_pb_column][\/et_pb_row][\/et_pb_section][et_pb_section fb_built=&#8221;1&#8243; _builder_version=&#8221;4.14.5&#8243; _module_preset=&#8221;default&#8221; custom_padding=&#8221;0px|||||&#8221; global_colors_info=&#8221;{}&#8221;][et_pb_row _builder_version=&#8221;4.14.5&#8243; _module_preset=&#8221;default&#8221; custom_padding=&#8221;0px|||||&#8221; global_colors_info=&#8221;{}&#8221;][et_pb_column type=&#8221;4_4&#8243; _builder_version=&#8221;4.14.5&#8243; _module_preset=&#8221;default&#8221; global_colors_info=&#8221;{}&#8221;][et_pb_text _builder_version=&#8221;4.14.5&#8243; _module_preset=&#8221;default&#8221; global_colors_info=&#8221;{}&#8221;]<\/p>\n<p>Ag Cruinni\u00fa Ginear\u00e1lta an Earraigh 2020 chinn Comhdh\u00e1il na nEaspag Caitliceach \u00c9ireannach dul i mbun conair sionaid don Eaglais Chaitliceach in \u00c9irinn as a dtiocfaidh Tion\u00f3l N\u00e1isi\u00fanta Sionaid laistigh de c\u00faig bliana amach anseo.<\/p>\n<p><strong>C\u00falra<\/strong><\/p>\n<p>\u00d3 Gn\u00e1th-Chomhthion\u00f3l Ginear\u00e1lta na nEaspag sa R\u00f3imh 2018 ar th\u00e9ama na n-\u00f3g, an chreidimh agus grinneas gairme, bh\u00ed easpaig ag breithni\u00fa gn\u00edomhach ar Thion\u00f3l Sionaid N\u00e1isi\u00fanta a reacht\u00e1il don Eaglais in \u00c9irinn. Chuir comhr\u00e1ite ag leibh\u00e9al \u00e1iti\u00fail, r\u00e9igi\u00fanach agus n\u00e1isi\u00fanta eolas ar f\u00e1il d\u2019obair fhoghr\u00fapa den Chomhdh\u00e1il Easpaig a buna\u00edodh chun an smaoineamh a phl\u00e9 a thuilleadh. Le linn Chruinni\u00fa Ginear\u00e1lta Geimhridh 2020 de Chomhdh\u00e1il na nEaspag chinn siad dul ar aghaidh ar chonair sionaid, agus, \u00f3 shin, t\u00e1 c\u00fanamh agus spreagadh m\u00f3r faighte acu \u00f3n gCairdin\u00e9al Grech agus \u00f3n tSi\u00far. Natalie Becquart, Ardr\u00fana\u00edocht do tSionad na nEaspag, a thug aitheasc d\u2019easpaig na h\u00c9ireann ar an 3\u00fa Feabhra 2020.<\/p>\n<p>T\u00e1 Eaglais na h\u00c9ireann aireach ar na d\u00fashl\u00e1in agus na deiseanna a thugann comhth\u00e9acs do chonair an tsionaid ag treor\u00fa do Comhthion\u00f3l n\u00f3 Comhthion\u00f3il N\u00e1isi\u00fanta an tSionaid ag an am r\u00edth\u00e1bhachtach seo don Eaglais agus tuigeann s\u00ed nach m\u00f3r na h\u00e1bhair imn\u00ed agus na saincheisteanna seo a leanas a chomhth\u00e1th\u00fa san aistear sin a th\u00e9ann Eaglais Chaitliceach na h\u00c9ireann amach:<\/p>\n<ul>\n<li>Dl\u00fathph\u00e1irt\u00edocht, For-Rochtain go dt\u00ed an Forimill agus Gealladh Cinc\u00edse Nua.<\/li>\n<li>\u00c9isteacht don Spiorad Naomh in Eaglais in \u00c9irinn agus ag dul i ngleic le \u00ed ag tabhairt aghaidh ar chlaochl\u00fa gasta.<\/li>\n<li><span>D\u00ed-eaglaisi\u00fa na Socha\u00ed.<\/span><\/li>\n<li><span>Nochta\u00ed Cosracha.<\/span><\/li>\n<li><span>An g\u00e1 chun d\u00e9anamh- s\u00edoch\u00e1in agus cult\u00far f\u00e1ilte a choth\u00fa .<\/span><\/li>\n<li><span>Ag \u00e9isteacht leis Caoineadh ar son na Tr\u00e9dhearcachta.<\/span><\/li>\n<li><span>An Teaghlach a Fhionnadh mar<\/span><span>\u201c<\/span><span>\u201cEaglais Int\u00edre\u201d.<\/span><\/li>\n<li><span>Nascadh le Daoine \u00d3ga .<\/span><\/li>\n<li><span>On\u00f3ir do thionchar na mBan<\/span><\/li>\n<li>An Ch\u00e9im Tosaigh \u2013 Urna\u00ed, \u00c9isteacht, Comhairli\u00fach\u00e1n, Tuiscint.<\/li>\n<\/ul>\n<p><strong>An Ch\u00e9im Dh\u00e1 Bhliana Tosaigh le Tos\u00fa ar Chonair an tSionaid<\/strong><\/p>\n<p>T\u00e1 an ch\u00e9im tosaigh dh\u00e1 bhliaina ar chonair an tsionaid agus dul ar aghaidh, le himeacht ama, chuig Comhthion\u00f3l n\u00f3 Comhthion\u00f3il an tSionaid N\u00e1isi\u00fanta, ag teacht le hullmh\u00fa ar Ghn\u00e1th-Chomhthion\u00f3l Easpag sa R\u00f3imh 2023 dar teideal, D\u2019Eaglais an tSionaid: <em>Comaoin, Rannph\u00e1irt\u00edocht agus Misean.<\/em><\/p>\n<p>Tr\u00e9imhse urna\u00ed, \u00e9isteachta agus tuisceana a bheidh sa ch\u00e9ad d\u00e1 bhliain, ina mbeidh comhr\u00e1 n\u00e1isi\u00fanta comhairli\u00fach\u00e1in ar an t\u00e9ama Uil\u00edoch. Tabharfaidh s\u00e9 seo deis do dhaoine aonair agus par\u00f3ist\u00ed, oird reiligi\u00fanacha, agus comhlachais chomh maith le gr\u00fapa\u00ed, gluaiseachta\u00ed agus eagra\u00edochta\u00ed laistigh den Eaglais agus i socha\u00ed na h\u00c9ireann i gcoitinne, a gcuid l\u00e9argas ar an Eaglais in \u00c9irinn \u2013 san am at\u00e1 thart, san am i l\u00e1thair agus sa todhcha\u00ed a roinnt.<\/p>\n<p><strong>An Ch\u00e9im Plean\u00e1la \u2013 Ullmh\u00fa do Thion\u00f3l N\u00e1isi\u00fanta an tSionaid<\/strong><\/p>\n<p>Tabharfaidh an ch\u00e9im plean\u00e1la agus ullmh\u00fach\u00e1in do Thion\u00f3l n\u00f3 do Chomhthion\u00f3il N\u00e1isi\u00fanta Sionaid le ch\u00e9ile a theasta\u00edonn uathu tortha\u00ed agus molta\u00ed na C\u00e9ime Tosaigh a chur i bhfeidhm. Cuirfidh s\u00e9 san \u00e1ireamh go h\u00e1irithe, concl\u00faid\u00ed an Chomhthion\u00f3il Ghinear\u00e1lta sa R\u00f3imh in 2023, maraon le hAitheasc Aspalda \u00f3n Athair Naofa a d\u2019eascair as an gComhthion\u00f3l Ginear\u00e1lta. Beidh s\u00e9 mar aidhm ag an gc\u00e9im seo foirm ar leith \u00e1r Sionad N\u00e1isi\u00fanta a dhearadh agus ullmh\u00fa go d\u00edreach ag an leibh\u00e9al \u00e1iti\u00fail, r\u00e9igi\u00fanach agus n\u00e1isi\u00fanta do re\u00e1cht\u00e1il an tSionad.<\/p>\n<p>[\/et_pb_text][et_pb_code _builder_version=&#8221;4.14.5&#8243; _module_preset=&#8221;default&#8221; global_colors_info=&#8221;{}&#8221;]<script><!-- [et_pb_line_break_holder] -->jQuery(function($){<!-- [et_pb_line_break_holder] -->    $('.et_pb_accordion .et_pb_toggle_open').addClass('et_pb_toggle_close').removeClass('et_pb_toggle_open');<!-- [et_pb_line_break_holder] --><!-- [et_pb_line_break_holder] -->    $('.et_pb_accordion .et_pb_toggle').click(function() {<!-- [et_pb_line_break_holder] -->      $this = $(this);<!-- [et_pb_line_break_holder] -->      setTimeout(function(){<!-- [et_pb_line_break_holder] -->         $this.closest('.et_pb_accordion').removeClass('et_pb_accordion_toggling');<!-- [et_pb_line_break_holder] -->      },700);<!-- [et_pb_line_break_holder] -->    });<!-- [et_pb_line_break_holder] -->});<!-- [et_pb_line_break_holder] --><\/script>[\/et_pb_code][et_pb_accordion _builder_version=&#8221;4.14.6&#8243; _module_preset=&#8221;default&#8221; toggle_font_size=&#8221;25px&#8221; closed_toggle_font_size=&#8221;25px&#8221; global_colors_info=&#8221;{}&#8221;][et_pb_accordion_item title=&#8221;Baill an Choiste Sti\u00fartha&#8221; open=&#8221;on&#8221; open_toggle_text_color=&#8221;#FFFFFF&#8221; _builder_version=&#8221;4.14.5&#8243; _module_preset=&#8221;default&#8221; body_text_color=&#8221;#FFFFFF&#8221; background_color=&#8221;#0d91e2&#8243; background_enable_color=&#8221;on&#8221; global_colors_info=&#8221;{}&#8221; toggle_text_color=&#8221;#FFFFFF&#8221;]<\/p>\n<p><strong>T\u00e1 Nicola Brady (Cathaoirleach)<\/strong>ina Ard-R\u00fana\u00ed ar Eaglais\u00ed le Ch\u00e9ile sa Bhreatain agus in \u00c9irinn.<\/p>\n<p>Ollamh C\u00fanta san Oideachas Reiligi\u00fanach in DCU is ea <strong>Vivek da Silva<\/strong>.<\/p>\n<p><strong>T\u00e1 Paul Dempsey<\/strong> ina Easpag ar Achadh Conaire.<\/p>\n<p>Deirfi\u00far Reiligi\u00fain de Phobal Misin\u00e9ireachta Mhuire na nAspal \u00ed <strong>Josephine Enenmo.<\/strong><\/p>\n<p>Is sagart d\u2019Ard-Deoise Thuama \u00e9 <strong>Stephen Farragher<\/strong>.<\/p>\n<p><strong>T\u00e1 Martin Hayes<\/strong> ina Easpag ar an gCill Mh\u00f3r.<\/p>\n<p>Is Socheola\u00ed agus Leas-Uachtar\u00e1n Gn\u00f3tha\u00ed Acad\u00fala \u00ed <strong>Niamh Hourigan<\/strong> i gCol\u00e1iste Mhuire gan Sm\u00e1l, Luimneach.<\/p>\n<p><strong>T\u00e1 Declan Hurley<\/strong> ina bioc\u00e1ire ginear\u00e1lta ar Dheoise na M\u00ed.<\/p>\n<p><strong>T\u00e1 Julie Kavanagh<\/strong> ina ball d\u2019fhoireann Seirbh\u00eds\u00ed Forbartha Creidimh Dheoise Chill Dara agus Leithghlinn.<\/p>\n<p>Is Easpag Luimnigh \u00e9 <strong>Brendan Leahy<\/strong> (Leas-Chathaoirleach).<\/p>\n<p>Oibr\u00edonn <strong>Julieann Moran<\/strong> le Missio Ireland chun feasacht misin a ard\u00fa i measc leana\u00ed i mbunscoileanna Caitliceacha.<\/p>\n<p>Is deag\u00e1nach buan \u00e9 <strong>Dermot McCarthy<\/strong> in Ard-Deoise Bhaile \u00c1tha Cliath.<\/p>\n<p><strong>T\u00e1 Paula McKeown<\/strong> ina Sti\u00farth\u00f3ir ar oifig na hEaglaise Beo i nDeoise an D\u00fain agus Connor.<\/p>\n<p><strong>T\u00e1 Andrew O\u2019Callaghan<\/strong> (Leas-Chathaoirleach) ina chomhph\u00e1irt\u00ed le Price Waterhouse Coopers agus ina Chathaoirleach ar Chomhairle Thr\u00e9adach Par\u00f3iste Bhaile na Manach, Baile \u00c1tha Cliath.<\/p>\n<p>Is sagart \u00cdos\u00e1nach agus diagaire \u00e9 <strong>Gerry O\u2019Hanlon<\/strong>.<\/p>\n<p><strong>T\u00e1 Nuala O\u2019Loan<\/strong> ina ball de Theach na dTiarna\u00ed agus ina haturnae c\u00e1ilithe a d\u2019fh\u00f3in ar ilchomhlachta\u00ed poibl\u00ed, n\u00e1isi\u00fanta agus idirn\u00e1isi\u00fanta, le b\u00e9im ar leith ar ph\u00f3il\u00edneacht agus ar chuntasacht p\u00f3il\u00edneachta.<\/p>\n<p><strong>M. Is Deirfi\u00far Reiligi\u00fanach \u00ed Louise<\/strong> O\u2019Rourke le Discipl\u00edn\u00ed an Mh\u00e1istir Dhiaga.<\/p>\n<p>Is scol\u00e1ire Scriopt\u00fair agus D\u00e9an na Diagachta i gCol\u00e1iste Ph\u00e1draig, Maigh Nuad \u00ed <strong>Jessie Rogers<\/strong>.<\/p>\n<p>Is Easpag C\u00fanta Ard Mhacha \u00e9 <strong>Michael Router.<\/strong><\/p>\n<p>Is oideachas\u00f3ir \u00e9 <strong>Peter Sands<\/strong>,ag speisial\u00fa i gCeannaireacht Oideachais, agus bh\u00ed r\u00f3il cheannaireachta aige i dtionscnaimh \u00f3ige Chaitliceacha ar fud oile\u00e1n na h\u00c9ireann.<\/p>\n<p>[\/et_pb_accordion_item][et_pb_accordion_item title=&#8221;Baill Thascghr\u00fapa an tSionaid&#8221; open_toggle_text_color=&#8221;#FFFFFF&#8221; _builder_version=&#8221;4.14.6&#8243; _module_preset=&#8221;default&#8221; body_text_color=&#8221;#FFFFFF&#8221; background_color=&#8221;#E09900&#8243; background_enable_color=&#8221;on&#8221; global_colors_info=&#8221;{}&#8221; toggle_text_color=&#8221;#FFFFFF&#8221; open=&#8221;off&#8221;]<\/p>\n<p>Is \u00ed <strong>Patricia Carroll<\/strong> an Sti\u00farth\u00f3ir Misean agus Aireacht in Ard-Deoise Bhaile \u00c1tha Cliath<\/p>\n<p><strong>T\u00e1 Sheena Darcy<\/strong> ina R\u00fana\u00ed Deoise do Dheoise Ailf\u00edn<\/p>\n<p>Is sagart de Dheoise Luimnigh agus Sti\u00farth\u00f3ir ar Institi\u00faid na h\u00c9ireann um L\u00e9ann Tr\u00e9adach \u00e9 <strong>Eamonn Fitzgibbon (Convenor).<\/strong><\/p>\n<p><strong>T\u00e1 Janet Forbes<\/strong>ag obair le ministreacht tr\u00e9adach agus is c\u00e9im\u00ed \u00ed le d\u00e9ana\u00ed \u00f3 Scoil Diagachta agus Aireacht Boston Colleges<\/p>\n<p>[\/et_pb_accordion_item][\/et_pb_accordion][\/et_pb_column][\/et_pb_row][\/et_pb_section]<\/p>\n","protected":false},"excerpt":{"rendered":"<p>Ag Cruinni\u00fa Ginear\u00e1lta an Earraigh 2020 chinn Comhdh\u00e1il na nEaspag Caitliceach \u00c9ireannach dul i mbun conair sionaid don Eaglais Chaitliceach in \u00c9irinn as a dtiocfaidh Tion\u00f3l N\u00e1isi\u00fanta Sionaid laistigh de c\u00faig bliana amach anseo. C\u00falra \u00d3 Gn\u00e1th-Chomhthion\u00f3l Ginear\u00e1lta na nEaspag sa R\u00f3imh 2018 ar th\u00e9ama na n-\u00f3g, an chreidimh agus grinneas gairme, bh\u00ed easpaig ag [&hellip;]<\/p>\n","protected":false},"author":1,"featured_media":0,"parent":0,"menu_order":0,"comment_status":"closed","ping_status":"closed","template":"","meta":{"_et_pb_use_builder":"on","_et_pb_old_content":"","_et_gb_content_width":"","footnotes":""},"class_list":["post-360","page","type-page","status-publish","hentry"],"yoast_head":"<!-- This site is optimized with the Yoast SEO plugin v27.3 - https:\/\/yoast.com\/product\/yoast-seo-wordpress\/ -->\n<title>Faoi - Irish Synodal Pathway<\/title>\n<meta name=\"robots\" content=\"index, follow, max-snippet:-1, max-image-preview:large, max-video-preview:-1\" \/>\n<link rel=\"canonical\" href=\"https:\/\/synod.ie\/ga\/faoi\/\" \/>\n<meta property=\"og:locale\" content=\"ga_IE\" \/>\n<meta property=\"og:type\" content=\"article\" \/>\n<meta property=\"og:title\" content=\"Faoi - Irish Synodal Pathway\" \/>\n<meta property=\"og:description\" content=\"Ag Cruinni\u00fa Ginear\u00e1lta an Earraigh 2020 chinn Comhdh\u00e1il na nEaspag Caitliceach \u00c9ireannach dul i mbun conair sionaid don Eaglais Chaitliceach in \u00c9irinn as a dtiocfaidh Tion\u00f3l N\u00e1isi\u00fanta Sionaid laistigh de c\u00faig bliana amach anseo. C\u00falra \u00d3 Gn\u00e1th-Chomhthion\u00f3l Ginear\u00e1lta na nEaspag sa R\u00f3imh 2018 ar th\u00e9ama na n-\u00f3g, an chreidimh agus grinneas gairme, bh\u00ed easpaig ag [&hellip;]\" \/>\n<meta property=\"og:url\" content=\"https:\/\/synod.ie\/ga\/faoi\/\" \/>\n<meta property=\"og:site_name\" content=\"Irish Synodal Pathway\" \/>\n<meta property=\"article:publisher\" content=\"https:\/\/www.facebook.com\/synodalpathway\" \/>\n<meta property=\"article:modified_time\" content=\"2022-03-09T09:29:36+00:00\" \/>\n<meta name=\"twitter:card\" content=\"summary_large_image\" \/>\n<meta name=\"twitter:site\" content=\"@synodalpathway\" \/>\n<meta name=\"twitter:label1\" content=\"Est. reading time\" \/>\n\t<meta name=\"twitter:data1\" content=\"6 minutes\" \/>\n<script type=\"application\/ld+json\" class=\"yoast-schema-graph\">{\"@context\":\"https:\\\/\\\/schema.org\",\"@graph\":[{\"@type\":\"WebPage\",\"@id\":\"https:\\\/\\\/synod.ie\\\/ga\\\/faoi\\\/\",\"url\":\"https:\\\/\\\/synod.ie\\\/ga\\\/faoi\\\/\",\"name\":\"Faoi - Irish Synodal Pathway\",\"isPartOf\":{\"@id\":\"https:\\\/\\\/synod.ie\\\/ga\\\/#website\"},\"datePublished\":\"2021-12-06T19:12:33+00:00\",\"dateModified\":\"2022-03-09T09:29:36+00:00\",\"breadcrumb\":{\"@id\":\"https:\\\/\\\/synod.ie\\\/ga\\\/faoi\\\/#breadcrumb\"},\"inLanguage\":\"ga-IE\",\"potentialAction\":[{\"@type\":\"ReadAction\",\"target\":[\"https:\\\/\\\/synod.ie\\\/ga\\\/faoi\\\/\"]}]},{\"@type\":\"BreadcrumbList\",\"@id\":\"https:\\\/\\\/synod.ie\\\/ga\\\/faoi\\\/#breadcrumb\",\"itemListElement\":[{\"@type\":\"ListItem\",\"position\":1,\"name\":\"Home\",\"item\":\"https:\\\/\\\/synod.ie\\\/ga\\\/\"},{\"@type\":\"ListItem\",\"position\":2,\"name\":\"Faoi\"}]},{\"@type\":\"WebSite\",\"@id\":\"https:\\\/\\\/synod.ie\\\/ga\\\/#website\",\"url\":\"https:\\\/\\\/synod.ie\\\/ga\\\/\",\"name\":\"Irish Synodal Pathway\",\"description\":\"of the Catholic Church in Ireland\",\"potentialAction\":[{\"@type\":\"SearchAction\",\"target\":{\"@type\":\"EntryPoint\",\"urlTemplate\":\"https:\\\/\\\/synod.ie\\\/ga\\\/?s={search_term_string}\"},\"query-input\":{\"@type\":\"PropertyValueSpecification\",\"valueRequired\":true,\"valueName\":\"search_term_string\"}}],\"inLanguage\":\"ga-IE\"}]}<\/script>\n<!-- \/ Yoast SEO plugin. -->","yoast_head_json":{"title":"Faoi - Irish Synodal Pathway","robots":{"index":"index","follow":"follow","max-snippet":"max-snippet:-1","max-image-preview":"max-image-preview:large","max-video-preview":"max-video-preview:-1"},"canonical":"https:\/\/synod.ie\/ga\/faoi\/","og_locale":"ga_IE","og_type":"article","og_title":"Faoi - Irish Synodal Pathway","og_description":"Ag Cruinni\u00fa Ginear\u00e1lta an Earraigh 2020 chinn Comhdh\u00e1il na nEaspag Caitliceach \u00c9ireannach dul i mbun conair sionaid don Eaglais Chaitliceach in \u00c9irinn as a dtiocfaidh Tion\u00f3l N\u00e1isi\u00fanta Sionaid laistigh de c\u00faig bliana amach anseo. C\u00falra \u00d3 Gn\u00e1th-Chomhthion\u00f3l Ginear\u00e1lta na nEaspag sa R\u00f3imh 2018 ar th\u00e9ama na n-\u00f3g, an chreidimh agus grinneas gairme, bh\u00ed easpaig ag [&hellip;]","og_url":"https:\/\/synod.ie\/ga\/faoi\/","og_site_name":"Irish Synodal Pathway","article_publisher":"https:\/\/www.facebook.com\/synodalpathway","article_modified_time":"2022-03-09T09:29:36+00:00","twitter_card":"summary_large_image","twitter_site":"@synodalpathway","twitter_misc":{"Est. reading time":"6 minutes"},"schema":{"@context":"https:\/\/schema.org","@graph":[{"@type":"WebPage","@id":"https:\/\/synod.ie\/ga\/faoi\/","url":"https:\/\/synod.ie\/ga\/faoi\/","name":"Faoi - Irish Synodal Pathway","isPartOf":{"@id":"https:\/\/synod.ie\/ga\/#website"},"datePublished":"2021-12-06T19:12:33+00:00","dateModified":"2022-03-09T09:29:36+00:00","breadcrumb":{"@id":"https:\/\/synod.ie\/ga\/faoi\/#breadcrumb"},"inLanguage":"ga-IE","potentialAction":[{"@type":"ReadAction","target":["https:\/\/synod.ie\/ga\/faoi\/"]}]},{"@type":"BreadcrumbList","@id":"https:\/\/synod.ie\/ga\/faoi\/#breadcrumb","itemListElement":[{"@type":"ListItem","position":1,"name":"Home","item":"https:\/\/synod.ie\/ga\/"},{"@type":"ListItem","position":2,"name":"Faoi"}]},{"@type":"WebSite","@id":"https:\/\/synod.ie\/ga\/#website","url":"https:\/\/synod.ie\/ga\/","name":"Irish Synodal Pathway","description":"of the Catholic Church in Ireland","potentialAction":[{"@type":"SearchAction","target":{"@type":"EntryPoint","urlTemplate":"https:\/\/synod.ie\/ga\/?s={search_term_string}"},"query-input":{"@type":"PropertyValueSpecification","valueRequired":true,"valueName":"search_term_string"}}],"inLanguage":"ga-IE"}]}},"_links":{"self":[{"href":"https:\/\/synod.ie\/ga\/wp-json\/wp\/v2\/pages\/360","targetHints":{"allow":["GET"]}}],"collection":[{"href":"https:\/\/synod.ie\/ga\/wp-json\/wp\/v2\/pages"}],"about":[{"href":"https:\/\/synod.ie\/ga\/wp-json\/wp\/v2\/types\/page"}],"author":[{"embeddable":true,"href":"https:\/\/synod.ie\/ga\/wp-json\/wp\/v2\/users\/1"}],"replies":[{"embeddable":true,"href":"https:\/\/synod.ie\/ga\/wp-json\/wp\/v2\/comments?post=360"}],"version-history":[{"count":5,"href":"https:\/\/synod.ie\/ga\/wp-json\/wp\/v2\/pages\/360\/revisions"}],"predecessor-version":[{"id":472,"href":"https:\/\/synod.ie\/ga\/wp-json\/wp\/v2\/pages\/360\/revisions\/472"}],"wp:attachment":[{"href":"https:\/\/synod.ie\/ga\/wp-json\/wp\/v2\/media?parent=360"}],"curies":[{"name":"wp","href":"https:\/\/api.w.org\/{rel}","templated":true}]}}