{"id":382,"date":"2021-12-06T16:00:26","date_gmt":"2021-12-06T16:00:26","guid":{"rendered":"https:\/\/synod.ie\/baile\/"},"modified":"2022-03-09T09:25:12","modified_gmt":"2022-03-09T09:25:12","slug":"baile","status":"publish","type":"page","link":"https:\/\/synod.ie\/ga\/","title":{"rendered":"Baile"},"content":{"rendered":"<p>[et_pb_section fb_built=&#8221;1&#8243; _builder_version=&#8221;4.14.4&#8243; _module_preset=&#8221;default&#8221; background_color=&#8221;#b7b7b7&#8243; custom_padding=&#8221;0px||0px|||&#8221; global_colors_info=&#8221;{}&#8221;][et_pb_row _builder_version=&#8221;4.14.5&#8243; _module_preset=&#8221;default&#8221; background_color=&#8221;RGBA(255,255,255,0)&#8221; width_tablet=&#8221;&#8221; width_phone=&#8221;100%&#8221; width_last_edited=&#8221;on|phone&#8221; custom_padding=&#8221;0px||0px|||&#8221; global_colors_info=&#8221;{}&#8221;][et_pb_column type=&#8221;4_4&#8243; _builder_version=&#8221;4.14.2&#8243; _module_preset=&#8221;default&#8221; global_colors_info=&#8221;{}&#8221;][et_pb_slider _builder_version=&#8221;4.14.5&#8243; _module_preset=&#8221;default&#8221; header_font_size=&#8221;45px&#8221; background_color=&#8221;#000000&#8243; height=&#8221;550px&#8221; custom_padding=&#8221;350px||||false|false&#8221; auto=&#8221;on&#8221; header_text_shadow_style=&#8221;preset4&#8243; global_colors_info=&#8221;{}&#8221;][et_pb_slide heading=&#8221;Comaoin, Rannph\u00e1irt\u00edocht agus Misean.&#8221; button_text=&#8221;Clice\u00e1il anseo le haghaidh sonra\u00ed breise.&#8221; button_link=&#8221;https:\/\/www.synod.va\/en.html&#8221; _builder_version=&#8221;4.14.5&#8243; _module_preset=&#8221;default&#8221; header_level=&#8221;h2&#8243; background_color=&#8221;RGBA(255,255,255,0)&#8221; background_enable_color=&#8221;on&#8221; background_image=&#8221;https:\/\/synod.ie\/wp-content\/uploads\/2022\/01\/East-Clare-Way-Feakle-Mass-Rock.jpeg&#8221; background_enable_image=&#8221;on&#8221; header_font_size_tablet=&#8221;&#8221; header_font_size_phone=&#8221;30px&#8221; header_font_size_last_edited=&#8221;on|phone&#8221; global_colors_info=&#8221;{}&#8221; sticky_transition=&#8221;on&#8221;][\/et_pb_slide][et_pb_slide heading=&#8221;Comaoin, Rannph\u00e1irt\u00edocht agus Misean.&#8221; button_text=&#8221;Clice\u00e1il anseo le haghaidh sonra\u00ed breise.&#8221; button_link=&#8221;https:\/\/www.synod.va\/en.html&#8221; _builder_version=&#8221;4.14.5&#8243; _module_preset=&#8221;default&#8221; header_level=&#8221;h2&#8243; background_color=&#8221;RGBA(255,255,255,0)&#8221; background_enable_color=&#8221;on&#8221; background_image=&#8221;https:\/\/synod.ie\/wp-content\/uploads\/2021\/12\/Communion-Participation-Mission-scaled.jpg&#8221; background_enable_image=&#8221;on&#8221; header_font_size_tablet=&#8221;&#8221; header_font_size_phone=&#8221;30px&#8221; header_font_size_last_edited=&#8221;on|phone&#8221; global_colors_info=&#8221;{}&#8221; sticky_transition=&#8221;on&#8221;][\/et_pb_slide][et_pb_slide heading=&#8221;Comaoin, Rannph\u00e1irt\u00edocht agus Misean.&#8221; button_text=&#8221;Clice\u00e1il anseo le haghaidh sonra\u00ed breise.&#8221; button_link=&#8221;https:\/\/www.synod.va\/en.html&#8221; _builder_version=&#8221;4.14.5&#8243; _module_preset=&#8221;default&#8221; background_color=&#8221;RGBA(255,255,255,0)&#8221; background_enable_color=&#8221;on&#8221; background_image=&#8221;https:\/\/synod.ie\/wp-content\/uploads\/2022\/01\/jason-murphy-rTG1TR6Ygb0-unsplash-scaled.jpg&#8221; background_enable_image=&#8221;on&#8221; header_font_size_tablet=&#8221;&#8221; header_font_size_phone=&#8221;30px&#8221; header_font_size_last_edited=&#8221;on|phone&#8221; global_colors_info=&#8221;{}&#8221; sticky_transition=&#8221;on&#8221;][\/et_pb_slide][et_pb_slide heading=&#8221;Comaoin, Rannph\u00e1irt\u00edocht agus Misean.&#8221; button_text=&#8221;Clice\u00e1il anseo le haghaidh sonra\u00ed breise.&#8221; button_link=&#8221;https:\/\/www.synod.va\/en.html&#8221; _builder_version=&#8221;4.14.5&#8243; _module_preset=&#8221;default&#8221; header_level=&#8221;h2&#8243; background_color=&#8221;RGBA(255,255,255,0)&#8221; background_enable_color=&#8221;on&#8221; background_image=&#8221;https:\/\/synod.ie\/wp-content\/uploads\/2022\/01\/Synod-Launch-3-2.jpg&#8221; background_enable_image=&#8221;on&#8221; header_font_size_tablet=&#8221;&#8221; header_font_size_phone=&#8221;30px&#8221; header_font_size_last_edited=&#8221;on|phone&#8221; global_colors_info=&#8221;{}&#8221; sticky_transition=&#8221;on&#8221;][\/et_pb_slide][et_pb_slide heading=&#8221;Comaoin, Rannph\u00e1irt\u00edocht agus Misean.&#8221; button_text=&#8221;Clice\u00e1il anseo le haghaidh sonra\u00ed breise.&#8221; button_link=&#8221;https:\/\/www.synod.va\/en.html&#8221; _builder_version=&#8221;4.14.5&#8243; _module_preset=&#8221;default&#8221; header_level=&#8221;h2&#8243; background_color=&#8221;RGBA(255,255,255,0)&#8221; background_enable_color=&#8221;on&#8221; background_image=&#8221;https:\/\/synod.ie\/wp-content\/uploads\/2022\/01\/ireland-g8e54fa572_1920.jpg&#8221; background_enable_image=&#8221;on&#8221; header_font_size_tablet=&#8221;&#8221; header_font_size_phone=&#8221;30px&#8221; header_font_size_last_edited=&#8221;on|phone&#8221; global_colors_info=&#8221;{}&#8221; sticky_transition=&#8221;on&#8221;][\/et_pb_slide][et_pb_slide heading=&#8221;Comaoin, Rannph\u00e1irt\u00edocht agus Misean.&#8221; button_text=&#8221;Clice\u00e1il anseo le haghaidh sonra\u00ed breise.&#8221; button_link=&#8221;https:\/\/www.synod.va\/en.html&#8221; _builder_version=&#8221;4.14.5&#8243; _module_preset=&#8221;default&#8221; header_level=&#8221;h2&#8243; background_color=&#8221;RGBA(255,255,255,0)&#8221; background_enable_color=&#8221;on&#8221; background_image=&#8221;https:\/\/synod.ie\/wp-content\/uploads\/2022\/01\/DSCF7460-2-scaled.jpg&#8221; background_enable_image=&#8221;on&#8221; header_font_size_tablet=&#8221;&#8221; header_font_size_phone=&#8221;30px&#8221; header_font_size_last_edited=&#8221;on|phone&#8221; global_colors_info=&#8221;{}&#8221; sticky_transition=&#8221;on&#8221;][\/et_pb_slide][\/et_pb_slider][\/et_pb_column][\/et_pb_row][\/et_pb_section][et_pb_section fb_built=&#8221;1&#8243; _builder_version=&#8221;4.14.2&#8243; _module_preset=&#8221;default&#8221; custom_padding=&#8221;0px||0px|||&#8221; global_colors_info=&#8221;{}&#8221;][et_pb_row column_structure=&#8221;2_5,3_5&#8243; make_equal=&#8221;on&#8221; _builder_version=&#8221;4.14.2&#8243; _module_preset=&#8221;default&#8221; global_colors_info=&#8221;{}&#8221;][et_pb_column type=&#8221;2_5&#8243; _builder_version=&#8221;4.14.2&#8243; _module_preset=&#8221;default&#8221; custom_css_main_element=&#8221;margin:auto;&#8221; global_colors_info=&#8221;{}&#8221;][et_pb_image src=&#8221;https:\/\/synod.ie\/wp-content\/uploads\/2021\/12\/Dr-Nicola-Brady.jpg&#8221; title_text=&#8221;Dr Nicola Brady&#8221; align=&#8221;center&#8221; _builder_version=&#8221;4.14.2&#8243; _module_preset=&#8221;default&#8221; custom_margin=&#8221;||8px|||&#8221; border_radii=&#8221;on|20px|20px|20px|20px&#8221; global_colors_info=&#8221;{}&#8221;][\/et_pb_image][et_pb_text _builder_version=&#8221;4.14.2&#8243; _module_preset=&#8221;default&#8221; global_colors_info=&#8221;{}&#8221;]<\/p>\n<div class=\"page\" title=\"Leathanach 1\">\n<div class=\"section\">\n<div class=\"layoutArea\">\n<div class=\"column\">\n<h3 style=\"text-align: center;\"><span>Dr Nicola Brady<\/span><\/h3>\n<p style=\"text-align: center;\"><span>Cathaoirleach Ghr\u00fapa Sti\u00fartha an tSionaid <\/span><\/p>\n<\/div>\n<\/div>\n<\/div>\n<\/div>\n<p>[\/et_pb_text][\/et_pb_column][et_pb_column type=&#8221;3_5&#8243; _builder_version=&#8221;4.14.2&#8243; _module_preset=&#8221;default&#8221; custom_css_main_element=&#8221;margin:auto;&#8221; global_colors_info=&#8221;{}&#8221;][et_pb_text _builder_version=&#8221;4.14.2&#8243; _module_preset=&#8221;default&#8221; global_colors_info=&#8221;{}&#8221;]<\/p>\n<h2 style=\"text-align: center;\"><strong>B\u00e9im ar Chonair Sionaid na h\u00c9ireann<\/strong><\/h2>\n<p style=\"text-align: center;\"><span>F\u00f3gra\u00edonn Easpaig Chaitliceacha na h\u00c9ireann Cos\u00e1n Sionaid nua don Eaglais Chaitliceach in \u00c9irinn as a n-eascr\u00f3idh Tion\u00f3l n\u00f3 Tion\u00f3il N\u00e1isi\u00fanta Sionad taobh istigh de na c\u00faig <\/span><span>bliana at\u00e1 romhainn. D\u00edreoidh an pr\u00f3iseas seo ar an gceist:<\/span><\/p>\n<p style=\"text-align: center;\"><em>Cad at\u00e1 Dia ag iarraidh \u00f3n Eaglais in \u00c9irinn ag an am seo?<\/em><\/p>\n<p style=\"text-align: center;\"><span>T\u00e1 s\u00fail againn go mbeidh an su\u00edomh gr\u00e9as\u00e1in seo ina phointe t\u00e1bhachtach ar an aistear sin, ag tabhairt acmhainn\u00ed do gach duine againn agus muid ag lean\u00faint ar aghaidh len\u00e1r dturas Sionaid.<\/span><\/p>\n<p>[\/et_pb_text][\/et_pb_column][\/et_pb_row][et_pb_row _builder_version=&#8221;4.14.2&#8243; _module_preset=&#8221;default&#8221; custom_padding=&#8221;30px||0px|||&#8221; global_colors_info=&#8221;{}&#8221;][et_pb_column type=&#8221;4_4&#8243; _builder_version=&#8221;4.14.2&#8243; _module_preset=&#8221;default&#8221; global_colors_info=&#8221;{}&#8221;][dipl_blog_slider slider_layout=&#8221;layout3&#8243; include_categories=&#8221;7&#8243; show_comments=&#8221;off&#8221; arrow_color=&#8221;#ff7a01&#8243; use_arrow_background=&#8221;on&#8221; arrow_background_color=&#8221;rgba(0,0,0,0.06)&#8221; control_dot_active_color=&#8221;#ff7a01&#8243; control_dot_inactive_color=&#8221;rgba(255,122,1,0.49)&#8221; meta_icon_font_size=&#8221;13px&#8221; meta_icon_color=&#8221;#000000&#8243; post_per_slide_tablet=&#8221;2&#8243; post_per_slide_phone=&#8221;1&#8243; _builder_version=&#8221;4.14.8&#8243; _module_preset=&#8221;default&#8221; meta_font_size=&#8221;13px&#8221; custom_margin=&#8221;40px||70px|||&#8221; hover_enabled=&#8221;0&#8243; global_colors_info=&#8221;{}&#8221; post_date=&#8221;j. m. Y.&#8221; sticky_enabled=&#8221;0&#8243;][\/dipl_blog_slider][dipl_image_card_carousel slide_effect=&#8221;coverflow&#8221; cards_per_slide=&#8221;4&#8243; slider_loop=&#8221;on&#8221; slide_transition_duration=&#8221;2500&#8243; show_arrow=&#8221;on&#8221; arrows_position=&#8221;outside&#8221; arrow_color=&#8221;#000000&#8243; icon_color=&#8221;#000000&#8243; slider_container_custom_padding=&#8221;10px||10px||false|false&#8221; cards_per_slide_tablet=&#8221;3&#8243; cards_per_slide_phone=&#8221;1&#8243; _builder_version=&#8221;4.14.5&#8243; _module_preset=&#8221;default&#8221; title_text_align=&#8221;center&#8221; title_font_size=&#8221;30px&#8221; global_colors_info=&#8221;{}&#8221;][dipl_image_card_carousel_item title=&#8221;D\u00e9an teagmh\u00e1il linn&#8221; image=&#8221;https:\/\/synod.ie\/wp-content\/uploads\/2021\/12\/Contact-Us.jpeg&#8221; _builder_version=&#8221;4.14.2&#8243; _module_preset=&#8221;default&#8221; title_text_align=&#8221;center&#8221; link_option_url=&#8221;\/contact&#8221; global_colors_info=&#8221;{}&#8221;][\/dipl_image_card_carousel_item][dipl_image_card_carousel_item title=&#8221;C\u00falra&#8221; image=&#8221;https:\/\/synod.ie\/wp-content\/uploads\/2021\/12\/Background.jpeg&#8221; _builder_version=&#8221;4.14.4&#8243; _module_preset=&#8221;default&#8221; link_option_url=&#8221;\/background-to-the-synodal-pathway\/&#8221; global_colors_info=&#8221;{}&#8221;][\/dipl_image_card_carousel_item][dipl_image_card_carousel_item title=&#8221;FAQs Ceisteanna Coitianta&#8221; image=&#8221;https:\/\/synod.ie\/wp-content\/uploads\/2021\/12\/FAQs.jpeg&#8221; _builder_version=&#8221;4.14.4&#8243; _module_preset=&#8221;default&#8221; link_option_url=&#8221;\/frequently-asked-questions-on-the-synodal-pathway\/&#8221; global_colors_info=&#8221;{}&#8221;][\/dipl_image_card_carousel_item][dipl_image_card_carousel_item title=&#8221;L\u00e9amh Molta&#8221; image=&#8221;https:\/\/synod.ie\/wp-content\/uploads\/2021\/12\/Recommended-Reading.jpeg&#8221; _builder_version=&#8221;4.14.4&#8243; _module_preset=&#8221;default&#8221; link_option_url=&#8221;\/recommended-reading\/&#8221; global_colors_info=&#8221;{}&#8221;][\/dipl_image_card_carousel_item][dipl_image_card_carousel_item title=&#8221;Ilmhe\u00e1in&#8221; image=&#8221;https:\/\/synod.ie\/wp-content\/uploads\/2021\/12\/Multimedia.jpeg&#8221; _builder_version=&#8221;4.14.4&#8243; _module_preset=&#8221;default&#8221; link_option_url=&#8221;\/multimedia-resources\/&#8221; global_colors_info=&#8221;{}&#8221;][\/dipl_image_card_carousel_item][dipl_image_card_carousel_item title=&#8221;Acmhainn\u00ed&#8221; image=&#8221;https:\/\/synod.ie\/wp-content\/uploads\/2022\/01\/Resources-logo.jpeg&#8221; _builder_version=&#8221;4.14.4&#8243; _module_preset=&#8221;default&#8221; link_option_url=&#8221;\/resources\/&#8221; global_colors_info=&#8221;{}&#8221;][\/dipl_image_card_carousel_item][dipl_image_card_carousel_item title=&#8221;Sionad Uil\u00edoch&#8221; image=&#8221;https:\/\/synod.ie\/wp-content\/uploads\/2022\/01\/synod-logo.png&#8221; _builder_version=&#8221;4.14.5&#8243; _module_preset=&#8221;default&#8221; link_option_url=&#8221;https:\/\/www.synod.va\/en.html&#8221; link_option_url_new_window=&#8221;on&#8221; global_colors_info=&#8221;{}&#8221;][\/dipl_image_card_carousel_item][\/dipl_image_card_carousel][\/et_pb_column][\/et_pb_row][\/et_pb_section]<\/p>\n","protected":false},"excerpt":{"rendered":"<p>Dr Nicola Brady Cathaoirleach Ghr\u00fapa Sti\u00fartha an tSionaid B\u00e9im ar Chonair Sionaid na h\u00c9ireann F\u00f3gra\u00edonn Easpaig Chaitliceacha na h\u00c9ireann Cos\u00e1n Sionaid nua don Eaglais Chaitliceach in \u00c9irinn as a n-eascr\u00f3idh Tion\u00f3l n\u00f3 Tion\u00f3il N\u00e1isi\u00fanta Sionad taobh istigh de na c\u00faig bliana at\u00e1 romhainn. D\u00edreoidh an pr\u00f3iseas seo ar an gceist: Cad at\u00e1 Dia ag iarraidh [&hellip;]<\/p>\n","protected":false},"author":1,"featured_media":0,"parent":0,"menu_order":0,"comment_status":"closed","ping_status":"closed","template":"","meta":{"_et_pb_use_builder":"on","_et_pb_old_content":"","_et_gb_content_width":"","footnotes":""},"class_list":["post-382","page","type-page","status-publish","hentry"],"yoast_head":"<!-- This site is optimized with the Yoast SEO plugin v27.5 - https:\/\/yoast.com\/product\/yoast-seo-wordpress\/ -->\n<title>Baile - Irish Synodal Pathway<\/title>\n<meta name=\"robots\" content=\"index, follow, max-snippet:-1, max-image-preview:large, max-video-preview:-1\" \/>\n<link rel=\"canonical\" href=\"https:\/\/synod.ie\/ga\/\" \/>\n<meta property=\"og:locale\" content=\"ga_IE\" \/>\n<meta property=\"og:type\" content=\"article\" \/>\n<meta property=\"og:title\" content=\"Baile - Irish Synodal Pathway\" \/>\n<meta property=\"og:description\" content=\"Dr Nicola Brady Cathaoirleach Ghr\u00fapa Sti\u00fartha an tSionaid B\u00e9im ar Chonair Sionaid na h\u00c9ireann F\u00f3gra\u00edonn Easpaig Chaitliceacha na h\u00c9ireann Cos\u00e1n Sionaid nua don Eaglais Chaitliceach in \u00c9irinn as a n-eascr\u00f3idh Tion\u00f3l n\u00f3 Tion\u00f3il N\u00e1isi\u00fanta Sionad taobh istigh de na c\u00faig bliana at\u00e1 romhainn. D\u00edreoidh an pr\u00f3iseas seo ar an gceist: Cad at\u00e1 Dia ag iarraidh [&hellip;]\" \/>\n<meta property=\"og:url\" content=\"https:\/\/synod.ie\/ga\/\" \/>\n<meta property=\"og:site_name\" content=\"Irish Synodal Pathway\" \/>\n<meta property=\"article:publisher\" content=\"https:\/\/www.facebook.com\/synodalpathway\" \/>\n<meta property=\"article:modified_time\" content=\"2022-03-09T09:25:12+00:00\" \/>\n<meta name=\"twitter:card\" content=\"summary_large_image\" \/>\n<meta name=\"twitter:site\" content=\"@synodalpathway\" \/>\n<meta name=\"twitter:label1\" content=\"Est. reading time\" \/>\n\t<meta name=\"twitter:data1\" content=\"6 minutes\" \/>\n<script type=\"application\/ld+json\" class=\"yoast-schema-graph\">{\"@context\":\"https:\\\/\\\/schema.org\",\"@graph\":[{\"@type\":\"WebPage\",\"@id\":\"https:\\\/\\\/synod.ie\\\/ga\\\/\",\"url\":\"https:\\\/\\\/synod.ie\\\/ga\\\/\",\"name\":\"Baile - Irish Synodal Pathway\",\"isPartOf\":{\"@id\":\"https:\\\/\\\/synod.ie\\\/ga\\\/#website\"},\"datePublished\":\"2021-12-06T16:00:26+00:00\",\"dateModified\":\"2022-03-09T09:25:12+00:00\",\"breadcrumb\":{\"@id\":\"https:\\\/\\\/synod.ie\\\/ga\\\/#breadcrumb\"},\"inLanguage\":\"ga-IE\",\"potentialAction\":[{\"@type\":\"ReadAction\",\"target\":[\"https:\\\/\\\/synod.ie\\\/ga\\\/\"]}]},{\"@type\":\"BreadcrumbList\",\"@id\":\"https:\\\/\\\/synod.ie\\\/ga\\\/#breadcrumb\",\"itemListElement\":[{\"@type\":\"ListItem\",\"position\":1,\"name\":\"Home\",\"item\":\"https:\\\/\\\/synod.ie\\\/ga\\\/\"},{\"@type\":\"ListItem\",\"position\":2,\"name\":\"Baile\"}]},{\"@type\":\"WebSite\",\"@id\":\"https:\\\/\\\/synod.ie\\\/ga\\\/#website\",\"url\":\"https:\\\/\\\/synod.ie\\\/ga\\\/\",\"name\":\"Irish Synodal Pathway\",\"description\":\"of the Catholic Church in Ireland\",\"potentialAction\":[{\"@type\":\"SearchAction\",\"target\":{\"@type\":\"EntryPoint\",\"urlTemplate\":\"https:\\\/\\\/synod.ie\\\/ga\\\/?s={search_term_string}\"},\"query-input\":{\"@type\":\"PropertyValueSpecification\",\"valueRequired\":true,\"valueName\":\"search_term_string\"}}],\"inLanguage\":\"ga-IE\"}]}<\/script>\n<!-- \/ Yoast SEO plugin. -->","yoast_head_json":{"title":"Baile - Irish Synodal Pathway","robots":{"index":"index","follow":"follow","max-snippet":"max-snippet:-1","max-image-preview":"max-image-preview:large","max-video-preview":"max-video-preview:-1"},"canonical":"https:\/\/synod.ie\/ga\/","og_locale":"ga_IE","og_type":"article","og_title":"Baile - Irish Synodal Pathway","og_description":"Dr Nicola Brady Cathaoirleach Ghr\u00fapa Sti\u00fartha an tSionaid B\u00e9im ar Chonair Sionaid na h\u00c9ireann F\u00f3gra\u00edonn Easpaig Chaitliceacha na h\u00c9ireann Cos\u00e1n Sionaid nua don Eaglais Chaitliceach in \u00c9irinn as a n-eascr\u00f3idh Tion\u00f3l n\u00f3 Tion\u00f3il N\u00e1isi\u00fanta Sionad taobh istigh de na c\u00faig bliana at\u00e1 romhainn. D\u00edreoidh an pr\u00f3iseas seo ar an gceist: Cad at\u00e1 Dia ag iarraidh [&hellip;]","og_url":"https:\/\/synod.ie\/ga\/","og_site_name":"Irish Synodal Pathway","article_publisher":"https:\/\/www.facebook.com\/synodalpathway","article_modified_time":"2022-03-09T09:25:12+00:00","twitter_card":"summary_large_image","twitter_site":"@synodalpathway","twitter_misc":{"Est. reading time":"6 minutes"},"schema":{"@context":"https:\/\/schema.org","@graph":[{"@type":"WebPage","@id":"https:\/\/synod.ie\/ga\/","url":"https:\/\/synod.ie\/ga\/","name":"Baile - Irish Synodal Pathway","isPartOf":{"@id":"https:\/\/synod.ie\/ga\/#website"},"datePublished":"2021-12-06T16:00:26+00:00","dateModified":"2022-03-09T09:25:12+00:00","breadcrumb":{"@id":"https:\/\/synod.ie\/ga\/#breadcrumb"},"inLanguage":"ga-IE","potentialAction":[{"@type":"ReadAction","target":["https:\/\/synod.ie\/ga\/"]}]},{"@type":"BreadcrumbList","@id":"https:\/\/synod.ie\/ga\/#breadcrumb","itemListElement":[{"@type":"ListItem","position":1,"name":"Home","item":"https:\/\/synod.ie\/ga\/"},{"@type":"ListItem","position":2,"name":"Baile"}]},{"@type":"WebSite","@id":"https:\/\/synod.ie\/ga\/#website","url":"https:\/\/synod.ie\/ga\/","name":"Irish Synodal Pathway","description":"of the Catholic Church in Ireland","potentialAction":[{"@type":"SearchAction","target":{"@type":"EntryPoint","urlTemplate":"https:\/\/synod.ie\/ga\/?s={search_term_string}"},"query-input":{"@type":"PropertyValueSpecification","valueRequired":true,"valueName":"search_term_string"}}],"inLanguage":"ga-IE"}]}},"_links":{"self":[{"href":"https:\/\/synod.ie\/ga\/wp-json\/wp\/v2\/pages\/382","targetHints":{"allow":["GET"]}}],"collection":[{"href":"https:\/\/synod.ie\/ga\/wp-json\/wp\/v2\/pages"}],"about":[{"href":"https:\/\/synod.ie\/ga\/wp-json\/wp\/v2\/types\/page"}],"author":[{"embeddable":true,"href":"https:\/\/synod.ie\/ga\/wp-json\/wp\/v2\/users\/1"}],"replies":[{"embeddable":true,"href":"https:\/\/synod.ie\/ga\/wp-json\/wp\/v2\/comments?post=382"}],"version-history":[{"count":14,"href":"https:\/\/synod.ie\/ga\/wp-json\/wp\/v2\/pages\/382\/revisions"}],"predecessor-version":[{"id":466,"href":"https:\/\/synod.ie\/ga\/wp-json\/wp\/v2\/pages\/382\/revisions\/466"}],"wp:attachment":[{"href":"https:\/\/synod.ie\/ga\/wp-json\/wp\/v2\/media?parent=382"}],"curies":[{"name":"wp","href":"https:\/\/api.w.org\/{rel}","templated":true}]}}