{"id":404,"date":"2022-01-06T12:22:21","date_gmt":"2022-01-06T12:22:21","guid":{"rendered":"https:\/\/synod.ie\/amline\/"},"modified":"2022-03-09T13:46:05","modified_gmt":"2022-03-09T13:46:05","slug":"amline","status":"publish","type":"page","link":"https:\/\/synod.ie\/ga\/amline\/","title":{"rendered":"Aml\u00edne"},"content":{"rendered":"<p>[et_pb_section fb_built=&#8221;1&#8243; _builder_version=&#8221;4.14.2&#8243; _module_preset=&#8221;default&#8221; custom_padding=&#8221;30px||36px|||&#8221; saved_tabs=&#8221;all&#8221; global_colors_info=&#8221;{}&#8221;][et_pb_row _builder_version=&#8221;4.14.2&#8243; _module_preset=&#8221;default&#8221; custom_padding=&#8221;||12px|||&#8221; collapsed=&#8221;off&#8221; global_colors_info=&#8221;{}&#8221;][et_pb_column type=&#8221;4_4&#8243; _builder_version=&#8221;4.14.2&#8243; _module_preset=&#8221;default&#8221; global_colors_info=&#8221;{}&#8221;][et_pb_post_title meta=&#8221;off&#8221; featured_image=&#8221;off&#8221; _builder_version=&#8221;4.14.4&#8243; _module_preset=&#8221;default&#8221; title_font_size=&#8221;35px&#8221; global_colors_info=&#8221;{}&#8221;][\/et_pb_post_title][\/et_pb_column][\/et_pb_row][\/et_pb_section][et_pb_section fb_built=&#8221;1&#8243; _builder_version=&#8221;4.14.5&#8243; _module_preset=&#8221;default&#8221; custom_padding=&#8221;0px|||||&#8221; global_colors_info=&#8221;{}&#8221;][et_pb_row _builder_version=&#8221;4.14.5&#8243; _module_preset=&#8221;default&#8221; global_colors_info=&#8221;{}&#8221;][et_pb_column type=&#8221;4_4&#8243; _builder_version=&#8221;4.14.5&#8243; _module_preset=&#8221;default&#8221; global_colors_info=&#8221;{}&#8221;][dipl_timeline _builder_version=&#8221;4.14.8&#8243; _module_preset=&#8221;default&#8221; hover_enabled=&#8221;0&#8243; global_colors_info=&#8221;{}&#8221; sticky_enabled=&#8221;0&#8243;][dipl_timeline_item timeline_title=&#8221;Comaoin, Rannph\u00e1irt\u00edocht agus Misean&#8221; display_time=&#8221;on&#8221; timeline_custom_time=&#8221;7\u00fa M\u00e1rta 2021&#8243; _builder_version=&#8221;4.14.8&#8243; _module_preset=&#8221;default&#8221; hover_enabled=&#8221;0&#8243; global_colors_info=&#8221;{}&#8221; sticky_enabled=&#8221;0&#8243;]<\/p>\n<p>F\u00f3gra\u00edonn Ard-R\u00fana\u00ed Seanaid na nEaspag, A Mh\u00f3rgacht Cairdin\u00e9al Lorenzo Baldisseri, go bhfuil an P\u00e1pa Proinsias tar \u00e9is an 16\u00fa Comhthion\u00f3l Ginear\u00e1lta de Shionad na nEaspag a thion\u00f3l, a bheidh ar si\u00fal i m\u00ed Dheireadh F\u00f3mhair 2023 ar an t\u00e9ama: \u2018\u2019D\u2019Eaglaid Sionaid: Comaoin, Rannph\u00e1irt\u00edocht agus Misean\u2019\u2019.<\/p>\n<p>[\/dipl_timeline_item][dipl_timeline_item timeline_title=&#8221;Fogra\u00edodh Conair Shionaid na hEaglaise Caitliceach in \u00c9irinn&#8221; display_time=&#8221;on&#8221; timeline_custom_time=&#8221;10\u00fa M\u00e1rta, 2021&#8243; _builder_version=&#8221;4.14.8&#8243; _module_preset=&#8221;default&#8221; global_colors_info=&#8221;{}&#8221;]<\/p>\n<p><span>F\u00f3gra\u00edonn Easpaig Chaitliceacha na h\u00c9ireann Cos\u00e1n Sionaid nua don Eaglais Chaitliceach in \u00c9irinn as a n-eascr\u00f3idh Tion\u00f3l n\u00f3 Tion\u00f3il N\u00e1isi\u00fanta Sionad taobh istigh de na c\u00faig bliana at\u00e1 romhainn.<\/span><\/p>\n<p>[\/dipl_timeline_item][dipl_timeline_item timeline_title=&#8221;C\u00e9im Aighneachta\u00ed do Chonair Shionaid na h\u00c9ireann&#8221; display_time=&#8221;on&#8221; timeline_custom_time=&#8221;5\u00fa Aibre\u00e1n 2021 (an Ch\u00e1isc) go 23 Bealtaine 2021 (Cinc\u00eds)&#8221; _builder_version=&#8221;4.14.8&#8243; _module_preset=&#8221;default&#8221; global_colors_info=&#8221;{}&#8221;]<\/p>\n<p><span>Idir an Ch\u00e1isc agus an Cinc\u00edse, 2021, thairg easpaig cuireadh chun aighneachta\u00ed a dh\u00e9anamh chun machnamh a dh\u00e9anamh ar na modhanna\/samhlacha a ba cheart a ghlacadh sa d\u00e1 bhliain seo de chomhr\u00e1ite.<\/span><\/p>\n<p>[\/dipl_timeline_item][dipl_timeline_item timeline_title=&#8221;Tionscna\u00edodh an Ch\u00e9im Tosaigh de Chonair an tSionaid&#8221; display_time=&#8221;on&#8221; timeline_custom_time=&#8221;16 Meitheamh 2021&#8243; _builder_version=&#8221;4.14.8&#8243; _module_preset=&#8221;default&#8221; global_colors_info=&#8221;{}&#8221;]<\/p>\n<p><span>Buna\u00edonn Easpaig na h\u00c9ireann Coiste Sti\u00fartha an tSionaid agus Tascghr\u00fapa an tSion\u00f3id do Chonair Shion\u00f3id na h\u00c9ireann. \u00a0Ceapadh an Dr Nicola Brady ina cathaoirleach ar Choiste Sti\u00fartha an tSion\u00f3id agus is iad an tUasal Andrew O\u2019Callaghan agus an tEaspag Brendan Leahy as Luimneach na leas-chathaoirligh ceaptha. D\u00edreoidh an ch\u00e9ad ch\u00e9im ar Urna\u00ed, \u00c9isteacht, Comhairli\u00fach\u00e1n agus Tuiscint.<\/span><\/p>\n<p>[\/dipl_timeline_item][dipl_timeline_item timeline_title=&#8221;Seolann an P\u00e1pa Proinsias an Sionad Uilechoiteann ar Sheanaid&#8221; display_time=&#8221;on&#8221; timeline_custom_time=&#8221;9\u00fa agus 10\u00fa Deireadh F\u00f3mhair 2021&#8243; _builder_version=&#8221;4.14.8&#8243; _module_preset=&#8221;default&#8221; global_colors_info=&#8221;{}&#8221;]<\/p>\n<p><span>Seolann an P\u00e1pa Proinsias go foirmi\u00fail an pr\u00f3iseas comhairli\u00fach\u00e1in domhanda dh\u00e1 bhliain as a dtiocfaidh Sionad 2023 ar an tsionad agus iarradh air \u201cf\u00e9achaint ar dhaoine eile agus \u00e9isteacht lena bhfuil le r\u00e1 acu.\u201d Rachaidh gach deoise i mbun \u00e9isteachta agus comhairli\u00fach\u00e1in, agus a gcuid smaointe agus tortha\u00ed \u00e1 gcur faoi bhr\u00e1id na Comhdh\u00e1la Easpaig i mBealtaine 2022.\u00a0 D\u00e9anfaidh an Chomhdh\u00e1il Easpag na tortha\u00ed a shint\u00e9isi\u00fa ansin agus a chur ar aghaidh chuig an Su\u00ed Naofa faoi L\u00fanasa 2022.<\/span><\/p>\n<p>[\/dipl_timeline_item][dipl_timeline_item timeline_title=&#8221;Oscailt Deoise an tSionaid Uil\u00edoch ar Sheanad.&#8221; display_time=&#8221;on&#8221; timeline_custom_time=&#8221;16\u00fa agus 17\u00fa Deireadh F\u00f3mhair 2021&#8243; _builder_version=&#8221;4.14.8&#8243; _module_preset=&#8221;default&#8221; global_colors_info=&#8221;{}&#8221;]<\/p>\n<div class=\"et_pb_module dipl_timeline_item dipl_timeline_item_5\">\n<div class=\"dipl_icon_tree dipl_timeline_item_wrapper\">\n<div class=\"dipl_item_content\">\n<div class=\"dipl_item_content_inner\">\n<div class=\"dipl_item_desc\">\n<p>Oscla\u00edonn gach deoise in \u00c9irinn an Sionad Uil\u00edoch ar Shionad.<\/p>\n<\/div>\n<\/div>\n<\/div>\n<\/div>\n<\/div>\n<div class=\"et_pb_module dipl_timeline_item dipl_timeline_item_6\">\n<div class=\"dipl_icon_tree dipl_timeline_item_wrapper\">\n<div class=\"dipl_item_content\">\n<div class=\"dipl_item_content_inner\"><\/div>\n<\/div>\n<\/div>\n<\/div>\n<p>[\/dipl_timeline_item][dipl_timeline_item timeline_title=&#8221;D\u00e9anann Deois\u00ed Comhairli\u00fach\u00e1n agus \u00c9isteacht&#8221; display_time=&#8221;on&#8221; timeline_custom_time=&#8221;2021 Deireadh F\u00f3mhair 2021- Bealtaine 2022&#8243; _builder_version=&#8221;4.14.8&#8243; _module_preset=&#8221;default&#8221; global_colors_info=&#8221;{}&#8221;]<\/p>\n<p><span>D\u00e9anann gach deoise in \u00c9irinn comhairli\u00fach\u00e1n a phlean\u00e1il agus a sti\u00faradh agus \u00e9isteacht le haghaidh an tSionaid Uil\u00edoch ar Shionad.<\/span><\/p>\n<p>[\/dipl_timeline_item][dipl_timeline_item timeline_title=&#8221;Sint\u00e9is Deoise le cur isteach&#8221; display_time=&#8221;on&#8221; timeline_custom_time=&#8221;29 Bealtaine 2022 &#8211; L\u00e1 Fh\u00e9ile an Ascension&#8221; _builder_version=&#8221;4.14.8&#8243; _module_preset=&#8221;default&#8221; global_colors_info=&#8221;{}&#8221;]<\/p>\n<p><span>Tar \u00e9is comhchomhairle agus \u00e9isteacht a dh\u00e9anamh, agus tar \u00e9is teacht le ch\u00e9ile de chuid an tSionaid a \u00f3st\u00e1il chun tortha\u00ed an chomhairli\u00fach\u00e1in seo a shint\u00e9isi\u00fa, cuirfidh gach deoise a doicim\u00e9ad an tSionaid faoi bhr\u00e1id Chomhdh\u00e1il Easpag na h\u00c9ireann ar Fh\u00e9ile an na deascabh\u00e1la.<\/span><\/p>\n<p>[\/dipl_timeline_item][dipl_timeline_item timeline_title=&#8221;L\u00e1 Urna\u00ed don Sionad ar Shiond\u00falacht sna Par\u00f3ist\u00ed go l\u00e9ir&#8221; display_time=&#8221;on&#8221; timeline_custom_time=&#8221;5\u00fa Meitheamh 2022 &#8211; L\u00e1 Fh\u00e9ile na Cinc\u00edse&#8221; _builder_version=&#8221;4.14.8&#8243; _module_preset=&#8221;default&#8221; global_colors_info=&#8221;{}&#8221;]<\/p>\n<p><span>Beidh an Spiorad Naomh ina ghn\u00edomhaire do chomhairli\u00fach\u00e1in an tSionaid a raibh gach pobal ar si\u00fal acu agus iarrtar ar gach par\u00f3iste L\u00e1 Fh\u00e9ile na gCinc\u00edse a chur ar leataobh mar l\u00e1 urna\u00ed don ch\u00e9ad Sionad eile agus do Shl\u00ed Sionaid na hEaglaise \u00c9ireannach.<\/span><\/p>\n<p>[\/dipl_timeline_item][dipl_timeline_item timeline_title=&#8221;Faireach\u00e1n Corpus Christi \u2013 Cruinni\u00fa N\u00e1isi\u00fanta R\u00e9amh-Sionaid&#8221; display_time=&#8221;on&#8221; timeline_custom_time=&#8221;16 Meitheamh 2022&#8243; _builder_version=&#8221;4.14.8&#8243; _module_preset=&#8221;default&#8221; global_colors_info=&#8221;{}&#8221;]<\/p>\n<p><span>Ar Fhaireach\u00e1n Corpus Christi, re\u00e1cht\u00e1lfar Cruinni\u00fa R\u00e9amhsionaid N\u00e1isi\u00fanta sula seolfar tortha\u00ed na hEaglaise \u00c9ireanna\u00ed chuig an Su\u00ed Naofa.<\/span><\/p>\n<p>[\/dipl_timeline_item][dipl_timeline_item timeline_title=&#8221;Doicim\u00e9ad faoi Eaglais\u00ed Caitliceacha na h\u00c9ireann a chur faoi bhr\u00e1id an Su\u00ed Naofa&#8221; display_time=&#8221;on&#8221; timeline_custom_time=&#8221;L\u00fanasa 2022&#8243; _builder_version=&#8221;4.14.8&#8243; _module_preset=&#8221;default&#8221; global_colors_info=&#8221;{}&#8221;][\/dipl_timeline_item][dipl_timeline_item timeline_title=&#8221;B\u00e9im ar Chonair Sionaid na h\u00c9ireann&#8221; display_time=&#8221;on&#8221; timeline_custom_time=&#8221;L\u00fanasa 2022 &#8211; Me\u00e1n F\u00f3mhair 2023&#8243; _builder_version=&#8221;4.14.8&#8243; _module_preset=&#8221;default&#8221; global_colors_info=&#8221;{}&#8221;]<\/p>\n<p><span>Tar \u00e9is na comhairli\u00fach\u00e1in do Bhealach Uil\u00edoch an tSionaid a thabhairt chun cr\u00edche leanfaidh Eaglais na h\u00c9ireann ar aghaidh le comhairli\u00fach\u00e1n agus ullmh\u00fach\u00e1in d\u00e1 Tion\u00f3l n\u00f3 Comhthion\u00f3il Sionaid f\u00e9in.\u00a0 Baileofar tortha\u00ed na c\u00e9ime Uil\u00edoch agus beidh tuilleadh urna\u00ed, comhairli\u00fach\u00e1in agus \u00e9isteachta ar si\u00fal laistigh den Eaglais na h\u00c9ireann.<\/span><\/p>\n<p>[\/dipl_timeline_item][dipl_timeline_item timeline_title=&#8221;Ullmh\u00fach\u00e1in do Thion\u00f3l n\u00f3 do Thion\u00f3il Sionaid na h\u00c9ireann&#8221; display_time=&#8221;on&#8221; timeline_custom_time=&#8221;Me\u00e1n F\u00f3mhair 2023 \u2013 2026&#8243; _builder_version=&#8221;4.14.8&#8243; _module_preset=&#8221;default&#8221; hover_enabled=&#8221;0&#8243; global_colors_info=&#8221;{}&#8221; sticky_enabled=&#8221;0&#8243;]Nuair a bheidh an ch\u00e9im tosaigh de Shl\u00ed Shionaid na h\u00c9ireann curtha i gcr\u00edch cuirfidh an Eaglais \u00c9ireannach t\u00fas le hullmh\u00fach\u00e1in do Thion\u00f3l na dTion\u00f3l a bheidh ar si\u00fal \u00f3 2026 ar aghaidh. Comhth\u00e1th\u00f3idh Conair Sionaid na h\u00c9ireann tortha\u00ed an tSionaid Uilechoiteann, Chun Eaglais Sionaid:\u00a0 Comaoin, Rannph\u00e1irt\u00edocht agus Misean, a bheidh ar si\u00fal sa R\u00f3imh i m\u00ed Dheireadh F\u00f3mhair 2022.[\/dipl_timeline_item][\/dipl_timeline][et_pb_image src=&#8221;https:\/\/synod.ie\/wp-content\/uploads\/2022\/01\/djim-loic-ft0-Xu4nTvA-unsplash-scaled.jpg&#8221; title_text=&#8221;djim-loic-ft0-Xu4nTvA-unsplash&#8221; disabled_on=&#8221;on|off|off&#8221; _builder_version=&#8221;4.14.5&#8243; _module_preset=&#8221;default&#8221; positioning=&#8221;absolute&#8221; width=&#8221;50%&#8221; width_tablet=&#8221;50%&#8221; width_phone=&#8221;50%&#8221; width_last_edited=&#8221;on|phone&#8221; max_height=&#8221;226px&#8221; global_colors_info=&#8221;{}&#8221;][\/et_pb_image][\/et_pb_column][\/et_pb_row][\/et_pb_section]<\/p>\n","protected":false},"excerpt":{"rendered":"<p><div class=\"et_pb_module dipl_timeline dipl_timeline_0\">\n\t\t\t\t\n\t\t\t\t\n\t\t\t\t\n\t\t\t\t\n\t\t\t\t\n\t\t\t\t\n\t\t\t\t<div class=\"et_pb_module_inner\">\n\t\t\t\t\t<div class=\"dipl_timeline_alternate\"><div class=\"dipl_timeline_wrapper\">\n                            \n                        <\/div><div class=\"dipl_timeline_alternate_stem dipl_icon_tree_stem\"><div class=\"dipl_stem_wrapper\"><div class=\"dipl_stem\"><\/div><\/div><\/div><\/div>\n\t\t\t\t<\/div>\n\t\t\t<\/div><div class=\"et_pb_module dipl_timeline_item dipl_timeline_item_0\">\n\t\t\t\t<div class=\"dipl_icon_tree dipl_timeline_item_wrapper\">        \n                                <div class=\"dipl_stem_center\"><div class=\"dipl_icon_wrapper\"><span class=\"dipl_item_icon dipl_item_circle\"><\/span><\/div><\/div>\n                                <div class=\"dipl_item_content\">\n                                \t<div class=\"dipl_item_content_inner\">\n\t                                    <div class=\"dipl_item_time\">7\u00fa M\u00e1rta 2021<\/div>\n\t                                    <h3 class=\"dipl_item_title\">Comaoin, Rannph\u00e1irt\u00edocht agus Misean<\/h3>\n\t                                    \n\t                                  \t<span class=\"dipl_triangle\"><\/span>\n\t                                <\/div>\n                                <\/div>\n                                <div class=\"dipl_date_container\"><\/div>\n                            <\/div>\n\t\t\t<\/div>F\u00f3gra\u00edonn Ard-R\u00fana\u00ed Seanaid na nEaspag, A Mh\u00f3rgacht Cairdin\u00e9al Lorenzo Baldisseri, go bhfuil an P\u00e1pa Proinsias tar \u00e9is an 16\u00fa Comhthion\u00f3l Ginear\u00e1lta de Shionad na nEaspag a thion\u00f3l, a bheidh ar si\u00fal i m\u00ed Dheireadh F\u00f3mhair 2023 ar [&hellip;]<\/p>\n","protected":false},"author":1,"featured_media":0,"parent":0,"menu_order":0,"comment_status":"closed","ping_status":"closed","template":"","meta":{"_et_pb_use_builder":"on","_et_pb_old_content":"","_et_gb_content_width":"","footnotes":""},"class_list":["post-404","page","type-page","status-publish","hentry"],"yoast_head":"<!-- This site is optimized with the Yoast SEO plugin v27.3 - https:\/\/yoast.com\/product\/yoast-seo-wordpress\/ -->\n<title>Aml\u00edne - Irish Synodal Pathway<\/title>\n<meta name=\"robots\" content=\"index, follow, max-snippet:-1, max-image-preview:large, max-video-preview:-1\" \/>\n<link rel=\"canonical\" href=\"https:\/\/synod.ie\/ga\/amline\/\" \/>\n<meta property=\"og:locale\" content=\"ga_IE\" \/>\n<meta property=\"og:type\" content=\"article\" \/>\n<meta property=\"og:title\" content=\"Aml\u00edne - Irish Synodal Pathway\" \/>\n<meta property=\"og:description\" content=\"F\u00f3gra\u00edonn Ard-R\u00fana\u00ed Seanaid na nEaspag, A Mh\u00f3rgacht Cairdin\u00e9al Lorenzo Baldisseri, go bhfuil an P\u00e1pa Proinsias tar \u00e9is an 16\u00fa Comhthion\u00f3l Ginear\u00e1lta de Shionad na nEaspag a thion\u00f3l, a bheidh ar si\u00fal i m\u00ed Dheireadh F\u00f3mhair 2023 ar [&hellip;]\" \/>\n<meta property=\"og:url\" content=\"https:\/\/synod.ie\/ga\/amline\/\" \/>\n<meta property=\"og:site_name\" content=\"Irish Synodal Pathway\" \/>\n<meta property=\"article:publisher\" content=\"https:\/\/www.facebook.com\/synodalpathway\" \/>\n<meta property=\"article:modified_time\" content=\"2022-03-09T13:46:05+00:00\" \/>\n<meta name=\"twitter:card\" content=\"summary_large_image\" \/>\n<meta name=\"twitter:site\" content=\"@synodalpathway\" \/>\n<meta name=\"twitter:label1\" content=\"Est. reading time\" \/>\n\t<meta name=\"twitter:data1\" content=\"6 minutes\" \/>\n<script type=\"application\/ld+json\" class=\"yoast-schema-graph\">{\"@context\":\"https:\\\/\\\/schema.org\",\"@graph\":[{\"@type\":\"WebPage\",\"@id\":\"https:\\\/\\\/synod.ie\\\/ga\\\/amline\\\/\",\"url\":\"https:\\\/\\\/synod.ie\\\/ga\\\/amline\\\/\",\"name\":\"Aml\u00edne - Irish Synodal Pathway\",\"isPartOf\":{\"@id\":\"https:\\\/\\\/synod.ie\\\/ga\\\/#website\"},\"datePublished\":\"2022-01-06T12:22:21+00:00\",\"dateModified\":\"2022-03-09T13:46:05+00:00\",\"breadcrumb\":{\"@id\":\"https:\\\/\\\/synod.ie\\\/ga\\\/amline\\\/#breadcrumb\"},\"inLanguage\":\"ga-IE\",\"potentialAction\":[{\"@type\":\"ReadAction\",\"target\":[\"https:\\\/\\\/synod.ie\\\/ga\\\/amline\\\/\"]}]},{\"@type\":\"BreadcrumbList\",\"@id\":\"https:\\\/\\\/synod.ie\\\/ga\\\/amline\\\/#breadcrumb\",\"itemListElement\":[{\"@type\":\"ListItem\",\"position\":1,\"name\":\"Home\",\"item\":\"https:\\\/\\\/synod.ie\\\/ga\\\/\"},{\"@type\":\"ListItem\",\"position\":2,\"name\":\"Aml\u00edne\"}]},{\"@type\":\"WebSite\",\"@id\":\"https:\\\/\\\/synod.ie\\\/ga\\\/#website\",\"url\":\"https:\\\/\\\/synod.ie\\\/ga\\\/\",\"name\":\"Irish Synodal Pathway\",\"description\":\"of the Catholic Church in Ireland\",\"potentialAction\":[{\"@type\":\"SearchAction\",\"target\":{\"@type\":\"EntryPoint\",\"urlTemplate\":\"https:\\\/\\\/synod.ie\\\/ga\\\/?s={search_term_string}\"},\"query-input\":{\"@type\":\"PropertyValueSpecification\",\"valueRequired\":true,\"valueName\":\"search_term_string\"}}],\"inLanguage\":\"ga-IE\"}]}<\/script>\n<!-- \/ Yoast SEO plugin. -->","yoast_head_json":{"title":"Aml\u00edne - Irish Synodal Pathway","robots":{"index":"index","follow":"follow","max-snippet":"max-snippet:-1","max-image-preview":"max-image-preview:large","max-video-preview":"max-video-preview:-1"},"canonical":"https:\/\/synod.ie\/ga\/amline\/","og_locale":"ga_IE","og_type":"article","og_title":"Aml\u00edne - Irish Synodal Pathway","og_description":"F\u00f3gra\u00edonn Ard-R\u00fana\u00ed Seanaid na nEaspag, A Mh\u00f3rgacht Cairdin\u00e9al Lorenzo Baldisseri, go bhfuil an P\u00e1pa Proinsias tar \u00e9is an 16\u00fa Comhthion\u00f3l Ginear\u00e1lta de Shionad na nEaspag a thion\u00f3l, a bheidh ar si\u00fal i m\u00ed Dheireadh F\u00f3mhair 2023 ar [&hellip;]","og_url":"https:\/\/synod.ie\/ga\/amline\/","og_site_name":"Irish Synodal Pathway","article_publisher":"https:\/\/www.facebook.com\/synodalpathway","article_modified_time":"2022-03-09T13:46:05+00:00","twitter_card":"summary_large_image","twitter_site":"@synodalpathway","twitter_misc":{"Est. reading time":"6 minutes"},"schema":{"@context":"https:\/\/schema.org","@graph":[{"@type":"WebPage","@id":"https:\/\/synod.ie\/ga\/amline\/","url":"https:\/\/synod.ie\/ga\/amline\/","name":"Aml\u00edne - Irish Synodal Pathway","isPartOf":{"@id":"https:\/\/synod.ie\/ga\/#website"},"datePublished":"2022-01-06T12:22:21+00:00","dateModified":"2022-03-09T13:46:05+00:00","breadcrumb":{"@id":"https:\/\/synod.ie\/ga\/amline\/#breadcrumb"},"inLanguage":"ga-IE","potentialAction":[{"@type":"ReadAction","target":["https:\/\/synod.ie\/ga\/amline\/"]}]},{"@type":"BreadcrumbList","@id":"https:\/\/synod.ie\/ga\/amline\/#breadcrumb","itemListElement":[{"@type":"ListItem","position":1,"name":"Home","item":"https:\/\/synod.ie\/ga\/"},{"@type":"ListItem","position":2,"name":"Aml\u00edne"}]},{"@type":"WebSite","@id":"https:\/\/synod.ie\/ga\/#website","url":"https:\/\/synod.ie\/ga\/","name":"Irish Synodal Pathway","description":"of the Catholic Church in Ireland","potentialAction":[{"@type":"SearchAction","target":{"@type":"EntryPoint","urlTemplate":"https:\/\/synod.ie\/ga\/?s={search_term_string}"},"query-input":{"@type":"PropertyValueSpecification","valueRequired":true,"valueName":"search_term_string"}}],"inLanguage":"ga-IE"}]}},"_links":{"self":[{"href":"https:\/\/synod.ie\/ga\/wp-json\/wp\/v2\/pages\/404","targetHints":{"allow":["GET"]}}],"collection":[{"href":"https:\/\/synod.ie\/ga\/wp-json\/wp\/v2\/pages"}],"about":[{"href":"https:\/\/synod.ie\/ga\/wp-json\/wp\/v2\/types\/page"}],"author":[{"embeddable":true,"href":"https:\/\/synod.ie\/ga\/wp-json\/wp\/v2\/users\/1"}],"replies":[{"embeddable":true,"href":"https:\/\/synod.ie\/ga\/wp-json\/wp\/v2\/comments?post=404"}],"version-history":[{"count":9,"href":"https:\/\/synod.ie\/ga\/wp-json\/wp\/v2\/pages\/404\/revisions"}],"predecessor-version":[{"id":475,"href":"https:\/\/synod.ie\/ga\/wp-json\/wp\/v2\/pages\/404\/revisions\/475"}],"wp:attachment":[{"href":"https:\/\/synod.ie\/ga\/wp-json\/wp\/v2\/media?parent=404"}],"curies":[{"name":"wp","href":"https:\/\/api.w.org\/{rel}","templated":true}]}}