{"id":423,"date":"2021-12-06T19:13:01","date_gmt":"2021-12-06T19:13:01","guid":{"rendered":"https:\/\/synod.ie\/news\/"},"modified":"2022-03-04T16:58:15","modified_gmt":"2022-03-04T16:58:15","slug":"nuacht","status":"publish","type":"page","link":"https:\/\/synod.ie\/ga\/nuacht\/","title":{"rendered":"Nuacht"},"content":{"rendered":"<p>[et_pb_section fb_built=&#8221;1&#8243; _builder_version=&#8221;4.14.2&#8243; _module_preset=&#8221;default&#8221; custom_padding=&#8221;30px||0px|||&#8221; saved_tabs=&#8221;all&#8221; global_colors_info=&#8221;{}&#8221;][et_pb_row _builder_version=&#8221;4.14.2&#8243; _module_preset=&#8221;default&#8221; custom_padding=&#8221;||0px|||&#8221; global_colors_info=&#8221;{}&#8221;][et_pb_column type=&#8221;4_4&#8243; _builder_version=&#8221;4.14.2&#8243; _module_preset=&#8221;default&#8221; global_colors_info=&#8221;{}&#8221;][et_pb_post_title meta=&#8221;off&#8221; featured_image=&#8221;off&#8221; _builder_version=&#8221;4.14.4&#8243; _module_preset=&#8221;default&#8221; title_font_size=&#8221;35px&#8221; global_colors_info=&#8221;{}&#8221;][\/et_pb_post_title][\/et_pb_column][\/et_pb_row][\/et_pb_section][et_pb_section fb_built=&#8221;1&#8243; _builder_version=&#8221;4.14.4&#8243; _module_preset=&#8221;default&#8221; custom_padding=&#8221;0px|||||&#8221; global_colors_info=&#8221;{}&#8221;][et_pb_row _builder_version=&#8221;4.14.2&#8243; _module_preset=&#8221;default&#8221; custom_padding=&#8221;0px||0px|||&#8221; locked=&#8221;off&#8221; global_colors_info=&#8221;{}&#8221;][et_pb_column type=&#8221;4_4&#8243; _builder_version=&#8221;4.14.2&#8243; _module_preset=&#8221;default&#8221; global_colors_info=&#8221;{}&#8221;][dipl_blog_slider slider_layout=&#8221;layout3&#8243; include_categories=&#8221;18&#8243; post_date=&#8221;j. m. Y.&#8221; show_comments=&#8221;off&#8221; arrow_color=&#8221;#ff7a01&#8243; use_arrow_background=&#8221;on&#8221; arrow_background_color=&#8221;rgba(0,0,0,0.06)&#8221; control_dot_active_color=&#8221;#ff7a01&#8243; control_dot_inactive_color=&#8221;rgba(255,122,1,0.49)&#8221; meta_icon_font_size=&#8221;13px&#8221; meta_icon_color=&#8221;#000000&#8243; post_per_slide_tablet=&#8221;2&#8243; post_per_slide_phone=&#8221;1&#8243; _builder_version=&#8221;4.14.8&#8243; _module_preset=&#8221;default&#8221; meta_font_size=&#8221;13px&#8221; custom_margin=&#8221;40px||70px|||&#8221; global_colors_info=&#8221;{}&#8221;][\/dipl_blog_slider][et_pb_blog fullwidth=&#8221;off&#8221; posts_number=&#8221;9&#8243; include_categories=&#8221;18&#8243; meta_date=&#8221;j. m. Y.&#8221; show_categories=&#8221;off&#8221; show_excerpt=&#8221;off&#8221; _builder_version=&#8221;4.14.8&#8243; _module_preset=&#8221;default&#8221; meta_font_size=&#8221;13px&#8221; global_colors_info=&#8221;{}&#8221;][\/et_pb_blog][et_pb_code _builder_version=&#8221;4.14.8&#8243; _module_preset=&#8221;default&#8221; global_colors_info=&#8221;{}&#8221;]<script><!-- [et_pb_line_break_holder] -->jQuery('p.post-meta').html(jQuery('p.post-meta')<!-- [et_pb_line_break_holder] -->                          .html()<!-- [et_pb_line_break_holder] -->                          .replace('by', ''));<!-- [et_pb_line_break_holder] --><\/script>[\/et_pb_code][\/et_pb_column][\/et_pb_row][\/et_pb_section]<\/p>\n","protected":false},"excerpt":{"rendered":"<div class=\"et_pb_module dipl_blog_slider dipl_blog_slider_0\">\n\t\t\t\t\n\t\t\t\t\n\t\t\t\t\n\t\t\t\t\n\t\t\t\t\n\t\t\t\t\n\t\t\t\t<div class=\"et_pb_module_inner\">\n\t\t\t\t\t<div class=\"dipl_swiper_wrapper\"><div class=\"dipl_blog_slider_container dipl_swiper_inner_wrap layout3\"><div class=\"swiper-container\"><div class=\"swiper-wrapper\"><div class=\"dipl_blog_post_slide swiper-slide\"><article id=\"post-393\" class=\" dipl_blog_slider_post post-393 post type-post status-publish format-standard has-post-thumbnail hentry category-nuacht\" ><div class=\"dipl_blog_slider_post_categories\"><a href=\"https:\/\/synod.ie\/ga\/category\/nuacht\/\" rel=\"category tag\">Nuacht<\/a><\/div><div class=\"dipl_blog_slider_image_wrapper\"><a href=\"https:\/\/synod.ie\/ga\/an-bhfuil-an-sionad-seo-do-chach\/\" class=\"dipl_blog_slider_image_link\"><img width=\"1024\" height=\"683\" src=\"https:\/\/synod.ie\/wp-content\/uploads\/2022\/01\/News-post-5-image-1024x683.jpg\" class=\"dipl_blog_slider_post_image wp-post-image\" alt=\"\" decoding=\"async\" loading=\"lazy\" srcset=\"https:\/\/synod.ie\/wp-content\/uploads\/2022\/01\/News-post-5-image-980x653.jpg 980w, https:\/\/synod.ie\/wp-content\/uploads\/2022\/01\/News-post-5-image-480x320.jpg 480w\" sizes=\"(min-width: 0px) and (max-width: 480px) 480px, (min-width: 481px) and (max-width: 980px) 980px, (min-width: 981px) 1024px, 100vw\" \/><\/a><\/div> <!-- dipl_blog_slider_image_wrapper --><div class=\"dipl_blog_slider_content_wrapper\"><h2 class=\"dipl_blog_slider_post_title\"><a href=\"https:\/\/synod.ie\/ga\/an-bhfuil-an-sionad-seo-do-chach\/\">An bhfuil an Sionad seo do Ch\u00e1ch?<\/a><\/h2><div class=\"dipl_blog_slider_content\"><p>Nuair a sheoltar comhairli\u00fach\u00e1in t\u00e1 roinnt ciniceas san \u00e9itear gan dabht. \u201cT\u00e1 na tortha\u00ed r\u00e9amhchinnte cheana f\u00e9in\u201d, \u201cAn sean-ch\u00e9anna, an tseanaois ch\u00e9anna\u201d, \u201cBh\u00edomar anseo cheana\u201d, \u201cN\u00ed dh\u00e9anfaidh aon n\u00ed ach siopa cainte\u201d. Agus is mar sin at\u00e1 s\u00e9 leis an Sionad seo...<\/p>\n<\/div><div class=\"dipl_blog_slider_read_more_link\"><a class=\"et_pb_button\" href=\"https:\/\/synod.ie\/ga\/an-bhfuil-an-sionad-seo-do-chach\/\">Read More<\/a><\/div><\/div> <!-- dipl_blog_slider_content_wrapper --><p class=\"dipl_blog_slider_meta\"><span class=\"author\"><span class=\"et-pb-icon\">&#xe08a;<\/span><a href=\"https:\/\/synod.ie\/ga\" title=\"Posts by tr\u00ed Poist le Paula McKeown\" rel=\"author\">tr\u00ed Poist le Paula McKeown<\/a><\/span><span class=\"dipl_blog_slider_divider\">|<\/span><span class=\"published\"><span class=\"et-pb-icon\">&#xe025;<\/span>8. 01. 2022.<\/span><\/p><\/article><\/div><div class=\"dipl_blog_post_slide swiper-slide\"><article id=\"post-391\" class=\" dipl_blog_slider_post post-391 post type-post status-publish format-standard has-post-thumbnail hentry category-nuacht\" ><div class=\"dipl_blog_slider_post_categories\"><a href=\"https:\/\/synod.ie\/ga\/category\/nuacht\/\" rel=\"category tag\">Nuacht<\/a><\/div><div class=\"dipl_blog_slider_image_wrapper\"><a href=\"https:\/\/synod.ie\/ga\/labhraionn-an-dr-nicola-brady-i-gcolun-deasghnath-agus-reasun-san-irish-times\/\" class=\"dipl_blog_slider_image_link\"><img width=\"1024\" height=\"576\" src=\"https:\/\/synod.ie\/wp-content\/uploads\/2021\/12\/Image-1-1024x576.jpg\" class=\"dipl_blog_slider_post_image wp-post-image\" alt=\"\" decoding=\"async\" loading=\"lazy\" srcset=\"https:\/\/synod.ie\/wp-content\/uploads\/2021\/12\/Image-1-980x551.jpg 980w, https:\/\/synod.ie\/wp-content\/uploads\/2021\/12\/Image-1-480x270.jpg 480w\" sizes=\"(min-width: 0px) and (max-width: 480px) 480px, (min-width: 481px) and (max-width: 980px) 980px, (min-width: 981px) 1024px, 100vw\" \/><\/a><\/div> <!-- dipl_blog_slider_image_wrapper --><div class=\"dipl_blog_slider_content_wrapper\"><h2 class=\"dipl_blog_slider_post_title\"><a href=\"https:\/\/synod.ie\/ga\/labhraionn-an-dr-nicola-brady-i-gcolun-deasghnath-agus-reasun-san-irish-times\/\">Labhra\u00edonn an Dr Nicola Brady i gCol\u00fan Deasghn\u00e1th agus R\u00e9as\u00fan san Irish Times<\/a><\/h2><div class=\"dipl_blog_slider_content\"><p>Tugann conair sionaid nua na hEaglaise \u00c9ireanna\u00ed deis don athr\u00fa agus don athnuachan. Is \u00e9 an ch\u00e9ad ch\u00e9im de chonair an sionaid don Eaglais Chaitliceach in \u00c9irinn, a d\u2019fh\u00f3gair Comhdh\u00e1il na nEaspag le linn a Cruinni\u00fa Ginear\u00e1lta Earraigh i M\u00e1rta na bliana seo,...<\/p>\n<\/div><div class=\"dipl_blog_slider_read_more_link\"><a class=\"et_pb_button\" href=\"https:\/\/synod.ie\/ga\/labhraionn-an-dr-nicola-brady-i-gcolun-deasghnath-agus-reasun-san-irish-times\/\">Read More<\/a><\/div><\/div> <!-- dipl_blog_slider_content_wrapper --><p class=\"dipl_blog_slider_meta\"><span class=\"author\"><span class=\"et-pb-icon\">&#xe08a;<\/span><a href=\"https:\/\/synod.ie\/ga\" title=\"Posts by ag poist An Dr Nicola Brady\" rel=\"author\">ag poist An Dr Nicola Brady<\/a><\/span><span class=\"dipl_blog_slider_divider\">|<\/span><span class=\"published\"><span class=\"et-pb-icon\">&#xe025;<\/span>6. 12. 2021.<\/span><\/p><\/article><\/div><div class=\"dipl_blog_post_slide swiper-slide\"><article id=\"post-389\" class=\" dipl_blog_slider_post post-389 post type-post status-publish format-standard has-post-thumbnail hentry category-nuacht\" ><div class=\"dipl_blog_slider_post_categories\"><a href=\"https:\/\/synod.ie\/ga\/category\/nuacht\/\" rel=\"category tag\">Nuacht<\/a><\/div><div class=\"dipl_blog_slider_image_wrapper\"><a href=\"https:\/\/synod.ie\/ga\/tuiscint-chomhchoiteann-i-seipeal-sionaid\/\" class=\"dipl_blog_slider_image_link\"><img width=\"1024\" height=\"683\" src=\"https:\/\/synod.ie\/wp-content\/uploads\/2021\/12\/ashwin-vaswani-55k45BgfUF8-unsplash-1024x683.jpg\" class=\"dipl_blog_slider_post_image wp-post-image\" alt=\"\" decoding=\"async\" loading=\"lazy\" srcset=\"https:\/\/synod.ie\/wp-content\/uploads\/2021\/12\/ashwin-vaswani-55k45BgfUF8-unsplash-980x653.jpg 980w, https:\/\/synod.ie\/wp-content\/uploads\/2021\/12\/ashwin-vaswani-55k45BgfUF8-unsplash-480x320.jpg 480w\" sizes=\"(min-width: 0px) and (max-width: 480px) 480px, (min-width: 481px) and (max-width: 980px) 980px, (min-width: 981px) 1024px, 100vw\" \/><\/a><\/div> <!-- dipl_blog_slider_image_wrapper --><div class=\"dipl_blog_slider_content_wrapper\"><h2 class=\"dipl_blog_slider_post_title\"><a href=\"https:\/\/synod.ie\/ga\/tuiscint-chomhchoiteann-i-seipeal-sionaid\/\">Tuiscint Chomhchoiteann i Eaglais Sionaid<\/a><\/h2><div class=\"dipl_blog_slider_content\"><p>Labhra\u00edonn an P\u00e1pa Proinsias go leor faoin g\u00e9arch\u00fais, agus is l\u00e9ir go mbreathna\u00edonn s\u00e9 air mar phr\u00edomhghn\u00e9 den sionaid. Is \u00e9 an rud a dh\u00e9anann idirdheal\u00fa idir bealach imeachta na hEaglaise agus bealach parlaiminte n\u00f3 fi\u00fa comhthion\u00f3l saor\u00e1nach - is mar seo a bh\u00ed...<\/p>\n<\/div><div class=\"dipl_blog_slider_read_more_link\"><a class=\"et_pb_button\" href=\"https:\/\/synod.ie\/ga\/tuiscint-chomhchoiteann-i-seipeal-sionaid\/\">Read More<\/a><\/div><\/div> <!-- dipl_blog_slider_content_wrapper --><p class=\"dipl_blog_slider_meta\"><span class=\"author\"><span class=\"et-pb-icon\">&#xe08a;<\/span><a href=\"https:\/\/synod.ie\/ga\" title=\"Posts by tr\u00ed Poist Gerry O\u2019Hanlon, S.J.\" rel=\"author\">tr\u00ed Poist Gerry O\u2019Hanlon, S.J.<\/a><\/span><span class=\"dipl_blog_slider_divider\">|<\/span><span class=\"published\"><span class=\"et-pb-icon\">&#xe025;<\/span>6. 12. 2021.<\/span><\/p><\/article><\/div><div class=\"dipl_blog_post_slide swiper-slide\"><article id=\"post-364\" class=\" dipl_blog_slider_post post-364 post type-post status-publish format-standard has-post-thumbnail hentry category-nuacht\" ><div class=\"dipl_blog_slider_post_categories\"><a href=\"https:\/\/synod.ie\/ga\/category\/nuacht\/\" rel=\"category tag\">Nuacht<\/a><\/div><div class=\"dipl_blog_slider_image_wrapper\"><a href=\"https:\/\/synod.ie\/ga\/tus-a-chur-le-turas-le-cheile\/\" class=\"dipl_blog_slider_image_link\"><img width=\"1024\" height=\"576\" src=\"https:\/\/synod.ie\/wp-content\/uploads\/2021\/12\/mateus-campos-felipe-yZu0dWSplXM-unsplash-1024x576.jpg\" class=\"dipl_blog_slider_post_image wp-post-image\" alt=\"\" decoding=\"async\" loading=\"lazy\" srcset=\"https:\/\/synod.ie\/wp-content\/uploads\/2021\/12\/mateus-campos-felipe-yZu0dWSplXM-unsplash-980x551.jpg 980w, https:\/\/synod.ie\/wp-content\/uploads\/2021\/12\/mateus-campos-felipe-yZu0dWSplXM-unsplash-480x270.jpg 480w\" sizes=\"(min-width: 0px) and (max-width: 480px) 480px, (min-width: 481px) and (max-width: 980px) 980px, (min-width: 981px) 1024px, 100vw\" \/><\/a><\/div> <!-- dipl_blog_slider_image_wrapper --><div class=\"dipl_blog_slider_content_wrapper\"><h2 class=\"dipl_blog_slider_post_title\"><a href=\"https:\/\/synod.ie\/ga\/tus-a-chur-le-turas-le-cheile\/\">T\u00fas a chur le turas le ch\u00e9ile<\/a><\/h2><div class=\"dipl_blog_slider_content\"><p>T\u00e1 go leor cainte san Eaglais faoi bheith ar chonair an sionaid ach cad is br\u00ed leis sin? Cruinni\u00fa is ea an sionad, agus cialla\u00edonn conair turas. Cialla\u00edonn s\u00e9 seo go mbeimid ag taisteal le ch\u00e9ile ar feadh achar suntasach ama, i nd\u00e1ir\u00edre cialla\u00edonn s\u00e9 go mbeidh an...<\/p>\n<\/div><div class=\"dipl_blog_slider_read_more_link\"><a class=\"et_pb_button\" href=\"https:\/\/synod.ie\/ga\/tus-a-chur-le-turas-le-cheile\/\">Read More<\/a><\/div><\/div> <!-- dipl_blog_slider_content_wrapper --><p class=\"dipl_blog_slider_meta\"><span class=\"author\"><span class=\"et-pb-icon\">&#xe08a;<\/span><a href=\"https:\/\/synod.ie\/ga\" title=\"Posts by tr\u00ed Poist le Patricia Carroll\" rel=\"author\">tr\u00ed Poist le Patricia Carroll<\/a><\/span><span class=\"dipl_blog_slider_divider\">|<\/span><span class=\"published\"><span class=\"et-pb-icon\">&#xe025;<\/span>6. 12. 2021.<\/span><\/p><\/article><\/div><div class=\"dipl_blog_post_slide swiper-slide\"><article id=\"post-395\" class=\" dipl_blog_slider_post post-395 post type-post status-publish format-standard has-post-thumbnail hentry category-nuacht\" ><div class=\"dipl_blog_slider_post_categories\"><a href=\"https:\/\/synod.ie\/ga\/category\/nuacht\/\" rel=\"category tag\">Nuacht<\/a><\/div><div class=\"dipl_blog_slider_image_wrapper\"><a href=\"https:\/\/synod.ie\/ga\/mo-thaithi-ar-an-eaglais-agus-mo-dhochas-don-sionad\/\" class=\"dipl_blog_slider_image_link\"><img width=\"1024\" height=\"683\" src=\"https:\/\/synod.ie\/wp-content\/uploads\/2021\/12\/hannah-busing-Zyx1bK9mqmA-unsplash-1024x683.jpg\" class=\"dipl_blog_slider_post_image wp-post-image\" alt=\"\" decoding=\"async\" loading=\"lazy\" srcset=\"https:\/\/synod.ie\/wp-content\/uploads\/2021\/12\/hannah-busing-Zyx1bK9mqmA-unsplash-980x653.jpg 980w, https:\/\/synod.ie\/wp-content\/uploads\/2021\/12\/hannah-busing-Zyx1bK9mqmA-unsplash-480x320.jpg 480w\" sizes=\"(min-width: 0px) and (max-width: 480px) 480px, (min-width: 481px) and (max-width: 980px) 980px, (min-width: 981px) 1024px, 100vw\" \/><\/a><\/div> <!-- dipl_blog_slider_image_wrapper --><div class=\"dipl_blog_slider_content_wrapper\"><h2 class=\"dipl_blog_slider_post_title\"><a href=\"https:\/\/synod.ie\/ga\/mo-thaithi-ar-an-eaglais-agus-mo-dhochas-don-sionad\/\">Mo thaith\u00ed ar an Eaglais agus mo dh\u00f3chas don Sionad<\/a><\/h2><div class=\"dipl_blog_slider_content\"><p>Is c\u00fais \u00e1thais dom an deis seo mo thaith\u00ed ar a bheith mar chuid den Eaglais in \u00c9irinn agus mo dh\u00f3chas don turas seo dar teideal: Don Eaglais Sionaid: Comaoin, Rannph\u00e1irt\u00edocht agus Misean. Deirtear sa Ch\u00e1ip\u00e9is Ullmh\u00fach\u00e1in don Sionad go bhfuil Eaglais Sionaid, i......<\/p>\n<\/div><div class=\"dipl_blog_slider_read_more_link\"><a class=\"et_pb_button\" href=\"https:\/\/synod.ie\/ga\/mo-thaithi-ar-an-eaglais-agus-mo-dhochas-don-sionad\/\">Read More<\/a><\/div><\/div> <!-- dipl_blog_slider_content_wrapper --><p class=\"dipl_blog_slider_meta\"><span class=\"author\"><span class=\"et-pb-icon\">&#xe08a;<\/span><a href=\"https:\/\/synod.ie\/ga\" title=\"Posts by tr\u00ed PoistJosephine Enenmo, OLA\" rel=\"author\">tr\u00ed PoistJosephine Enenmo, OLA<\/a><\/span><span class=\"dipl_blog_slider_divider\">|<\/span><span class=\"published\"><span class=\"et-pb-icon\">&#xe025;<\/span>6. 12. 2021.<\/span><\/p><\/article><\/div><\/div> <!-- swiper-wrapper --><\/div> <!-- swiper-container --><div class=\"dipl_swiper_navigation\" data-arrows_desktop=\"outside\"><div class=\"swiper-button-next\" data-next_slide_arrow=\"&#x35;\"><\/div> <div class=\"swiper-button-prev\" data-previous_slide_arrow=\"&#x34;\"><\/div><\/div><\/div> <!-- dipl_blog_slider_container --><div class=\"dipl_swiper_pagination\"><div class=\"swiper-pagination solid_dot\"><\/div><\/div><\/div> <!-- dipl_swiper_wrapper --><script type=\"text\/javascript\">jQuery(function($) {var dipl_blog_slider_0_swiper = new Swiper('.dipl_blog_slider_0 .swiper-container', {\n                            slidesPerView: 3,\n                            autoplay: {\n                                delay:3000,\n                                disableOnInteraction: true,\n                            },\n                            spaceBetween: 15,\n                            slidesPerGroup: 1,\n                            slidesPerGroupSkip: 2,\n                            effect: \"slide\",\n                            cubeEffect: false,\n                            coverflowEffect: false,\n                            fadeEffect: false,\n                            speed: 1000,\n                            loop: false,\n                            pagination: {\n                        el: '.dipl_blog_slider_0 .swiper-pagination',\n                        dynamicBullets: false,\n                        clickable: true,\n                    },\n                            navigation: {    \n                            nextEl: '.dipl_blog_slider_0 .swiper-button-next',\n                            prevEl: '.dipl_blog_slider_0 .swiper-button-prev',\n                    },\n                            autoHeight: false,\n                            grabCursor: 'true',\n                            observer: true,\n\t\t\t\t\t\t\tobserveParents: true,\n                            breakpoints: {\n                            \t981: {\n\t\t                          \tslidesPerView: 3,\n\t\t                          \tspaceBetween: 15,\n                            \t\tslidesPerGroup: 1,\n                            \t\tslidesPerGroupSkip: 2,\n\t\t                        },\n\t\t                        768: {\n\t\t                          \tslidesPerView: 2,\n\t\t                          \tspaceBetween: 15,\n\t\t                          \tslidesPerGroup: 1,\n                            \t\tslidesPerGroupSkip: 1,\n\t\t                        },\n\t\t                        0: {\n\t\t                          \tslidesPerView: 1,\n\t\t                          \tspaceBetween: 15,\n\t\t                          \tslidesPerGroup: 1,\n                            \t\tslidesPerGroupSkip: 0,\n\t\t                        }\n\t\t                    },\n                    });$(\".dipl_blog_slider_0 .swiper-container\").on(\"mouseenter\", function(e) {\n\t\t\t\t\t\t\tif ( typeof dipl_blog_slider_0_swiper.autoplay.stop === \"function\" ) {\n\t\t\t\t\t\t\t\tdipl_blog_slider_0_swiper.autoplay.stop();\n\t\t\t\t\t\t\t}\n                        });$(\".dipl_blog_slider_0 .swiper-container\").on(\"mouseleave\", function(e) {\n        \t\t\t\t\tif ( typeof dipl_blog_slider_0_swiper.autoplay.start === \"function\" ) {\n                            \tdipl_blog_slider_0_swiper.autoplay.start();\n                            }\n                        });dipl_blog_slider_0_swiper.on('reachEnd', function(){\n                            dipl_blog_slider_0_swiper.autoplay = false;\n                        });});<\/script>\n\t\t\t\t<\/div>\n\t\t\t<\/div>\n","protected":false},"author":1,"featured_media":0,"parent":0,"menu_order":0,"comment_status":"closed","ping_status":"closed","template":"","meta":{"_et_pb_use_builder":"on","_et_pb_old_content":"","_et_gb_content_width":"","footnotes":""},"class_list":["post-423","page","type-page","status-publish","hentry"],"yoast_head":"<!-- This site is optimized with the Yoast SEO plugin v27.3 - https:\/\/yoast.com\/product\/yoast-seo-wordpress\/ -->\n<title>Nuacht - Irish Synodal Pathway<\/title>\n<meta name=\"robots\" content=\"index, follow, max-snippet:-1, max-image-preview:large, max-video-preview:-1\" \/>\n<link rel=\"canonical\" href=\"https:\/\/synod.ie\/ga\/nuacht\/\" \/>\n<meta property=\"og:locale\" content=\"ga_IE\" \/>\n<meta property=\"og:type\" content=\"article\" \/>\n<meta property=\"og:title\" content=\"Nuacht - Irish Synodal Pathway\" \/>\n<meta property=\"og:url\" content=\"https:\/\/synod.ie\/ga\/nuacht\/\" \/>\n<meta property=\"og:site_name\" content=\"Irish Synodal Pathway\" \/>\n<meta property=\"article:publisher\" content=\"https:\/\/www.facebook.com\/synodalpathway\" \/>\n<meta property=\"article:modified_time\" content=\"2022-03-04T16:58:15+00:00\" \/>\n<meta name=\"twitter:card\" content=\"summary_large_image\" \/>\n<meta name=\"twitter:description\" content=\"[dipl_blog_slider slider_layout=&quot;layout3&quot; include_categories=&quot;18&quot; post_date=&quot;j. m. Y.&quot; show_comments=&quot;off&quot; arrow_color=&quot;#ff7a01&quot; use_arrow_background=&quot;on&quot; arrow_background_color=&quot;rgba(0,0,0,0.06)&quot; control_dot_active_color=&quot;#ff7a01&quot; control_dot_inactive_color=&quot;rgba(255,122,1,0.49)&quot; meta_icon_font_size=&quot;13px&quot; meta_icon_color=&quot;#000000&quot; post_per_slide_tablet=&quot;2&quot; post_per_slide_phone=&quot;1&quot; _builder_version=&quot;4.14.8&quot; _module_preset=&quot;default&quot; meta_font_size=&quot;13px&quot; custom_margin=&quot;40px||70px|||&quot; global_colors_info=&quot;{}&quot;][\/dipl_blog_slider]\" \/>\n<meta name=\"twitter:site\" content=\"@synodalpathway\" \/>\n<meta name=\"twitter:label1\" content=\"Est. reading time\" \/>\n\t<meta name=\"twitter:data1\" content=\"1 minute\" \/>\n<script type=\"application\/ld+json\" class=\"yoast-schema-graph\">{\"@context\":\"https:\\\/\\\/schema.org\",\"@graph\":[{\"@type\":\"WebPage\",\"@id\":\"https:\\\/\\\/synod.ie\\\/ga\\\/nuacht\\\/\",\"url\":\"https:\\\/\\\/synod.ie\\\/ga\\\/nuacht\\\/\",\"name\":\"Nuacht - Irish Synodal Pathway\",\"isPartOf\":{\"@id\":\"https:\\\/\\\/synod.ie\\\/ga\\\/#website\"},\"datePublished\":\"2021-12-06T19:13:01+00:00\",\"dateModified\":\"2022-03-04T16:58:15+00:00\",\"breadcrumb\":{\"@id\":\"https:\\\/\\\/synod.ie\\\/ga\\\/nuacht\\\/#breadcrumb\"},\"inLanguage\":\"ga-IE\",\"potentialAction\":[{\"@type\":\"ReadAction\",\"target\":[\"https:\\\/\\\/synod.ie\\\/ga\\\/nuacht\\\/\"]}]},{\"@type\":\"BreadcrumbList\",\"@id\":\"https:\\\/\\\/synod.ie\\\/ga\\\/nuacht\\\/#breadcrumb\",\"itemListElement\":[{\"@type\":\"ListItem\",\"position\":1,\"name\":\"Home\",\"item\":\"https:\\\/\\\/synod.ie\\\/ga\\\/\"},{\"@type\":\"ListItem\",\"position\":2,\"name\":\"Nuacht\"}]},{\"@type\":\"WebSite\",\"@id\":\"https:\\\/\\\/synod.ie\\\/ga\\\/#website\",\"url\":\"https:\\\/\\\/synod.ie\\\/ga\\\/\",\"name\":\"Irish Synodal Pathway\",\"description\":\"of the Catholic Church in Ireland\",\"potentialAction\":[{\"@type\":\"SearchAction\",\"target\":{\"@type\":\"EntryPoint\",\"urlTemplate\":\"https:\\\/\\\/synod.ie\\\/ga\\\/?s={search_term_string}\"},\"query-input\":{\"@type\":\"PropertyValueSpecification\",\"valueRequired\":true,\"valueName\":\"search_term_string\"}}],\"inLanguage\":\"ga-IE\"}]}<\/script>\n<!-- \/ Yoast SEO plugin. -->","yoast_head_json":{"title":"Nuacht - Irish Synodal Pathway","robots":{"index":"index","follow":"follow","max-snippet":"max-snippet:-1","max-image-preview":"max-image-preview:large","max-video-preview":"max-video-preview:-1"},"canonical":"https:\/\/synod.ie\/ga\/nuacht\/","og_locale":"ga_IE","og_type":"article","og_title":"Nuacht - Irish Synodal Pathway","og_url":"https:\/\/synod.ie\/ga\/nuacht\/","og_site_name":"Irish Synodal Pathway","article_publisher":"https:\/\/www.facebook.com\/synodalpathway","article_modified_time":"2022-03-04T16:58:15+00:00","twitter_card":"summary_large_image","twitter_description":"[dipl_blog_slider slider_layout=\"layout3\" include_categories=\"18\" post_date=\"j. m. Y.\" show_comments=\"off\" arrow_color=\"#ff7a01\" use_arrow_background=\"on\" arrow_background_color=\"rgba(0,0,0,0.06)\" control_dot_active_color=\"#ff7a01\" control_dot_inactive_color=\"rgba(255,122,1,0.49)\" meta_icon_font_size=\"13px\" meta_icon_color=\"#000000\" post_per_slide_tablet=\"2\" post_per_slide_phone=\"1\" _builder_version=\"4.14.8\" _module_preset=\"default\" meta_font_size=\"13px\" custom_margin=\"40px||70px|||\" global_colors_info=\"{}\"][\/dipl_blog_slider]","twitter_site":"@synodalpathway","twitter_misc":{"Est. reading time":"1 minute"},"schema":{"@context":"https:\/\/schema.org","@graph":[{"@type":"WebPage","@id":"https:\/\/synod.ie\/ga\/nuacht\/","url":"https:\/\/synod.ie\/ga\/nuacht\/","name":"Nuacht - Irish Synodal Pathway","isPartOf":{"@id":"https:\/\/synod.ie\/ga\/#website"},"datePublished":"2021-12-06T19:13:01+00:00","dateModified":"2022-03-04T16:58:15+00:00","breadcrumb":{"@id":"https:\/\/synod.ie\/ga\/nuacht\/#breadcrumb"},"inLanguage":"ga-IE","potentialAction":[{"@type":"ReadAction","target":["https:\/\/synod.ie\/ga\/nuacht\/"]}]},{"@type":"BreadcrumbList","@id":"https:\/\/synod.ie\/ga\/nuacht\/#breadcrumb","itemListElement":[{"@type":"ListItem","position":1,"name":"Home","item":"https:\/\/synod.ie\/ga\/"},{"@type":"ListItem","position":2,"name":"Nuacht"}]},{"@type":"WebSite","@id":"https:\/\/synod.ie\/ga\/#website","url":"https:\/\/synod.ie\/ga\/","name":"Irish Synodal Pathway","description":"of the Catholic Church in Ireland","potentialAction":[{"@type":"SearchAction","target":{"@type":"EntryPoint","urlTemplate":"https:\/\/synod.ie\/ga\/?s={search_term_string}"},"query-input":{"@type":"PropertyValueSpecification","valueRequired":true,"valueName":"search_term_string"}}],"inLanguage":"ga-IE"}]}},"_links":{"self":[{"href":"https:\/\/synod.ie\/ga\/wp-json\/wp\/v2\/pages\/423","targetHints":{"allow":["GET"]}}],"collection":[{"href":"https:\/\/synod.ie\/ga\/wp-json\/wp\/v2\/pages"}],"about":[{"href":"https:\/\/synod.ie\/ga\/wp-json\/wp\/v2\/types\/page"}],"author":[{"embeddable":true,"href":"https:\/\/synod.ie\/ga\/wp-json\/wp\/v2\/users\/1"}],"replies":[{"embeddable":true,"href":"https:\/\/synod.ie\/ga\/wp-json\/wp\/v2\/comments?post=423"}],"version-history":[{"count":6,"href":"https:\/\/synod.ie\/ga\/wp-json\/wp\/v2\/pages\/423\/revisions"}],"predecessor-version":[{"id":438,"href":"https:\/\/synod.ie\/ga\/wp-json\/wp\/v2\/pages\/423\/revisions\/438"}],"wp:attachment":[{"href":"https:\/\/synod.ie\/ga\/wp-json\/wp\/v2\/media?parent=423"}],"curies":[{"name":"wp","href":"https:\/\/api.w.org\/{rel}","templated":true}]}}